{"id":13455,"date":"2026-03-12T07:54:38","date_gmt":"2026-03-12T07:54:38","guid":{"rendered":"https:\/\/ferruzca.amarilio.net\/?post_type=product&#038;p=13455"},"modified":"2026-04-08T22:16:41","modified_gmt":"2026-04-08T22:16:41","slug":"cable-monopolar-19awg","status":"publish","type":"product","link":"https:\/\/ferruzca.amarilio.net\/en\/product\/cable-monopolar-19awg\/","title":{"rendered":"CABLE MONOPOLAR 19AWG"},"content":{"rendered":"<p>Monoconductores de PVC, trenzado de hilo fino con aislamiento del conductor de compuesto de PVC tipo TI1. Estos monoconductores est\u00e1n indicados para la instalaci\u00f3n dentro del aparato, as\u00ed como para el tendido de protecci\u00f3n contra rayos, en cuartos secos, en instalaciones de producci\u00f3n, en tableros de interruptores y distribuidores, en tuber\u00edas, por debajo y sobre el revoque. El producto cumple con la directiva de baja tensi\u00f3n de la Comunidad Europea 2014\/35\/UE.<\/p>","protected":false},"excerpt":{"rendered":"<p>H05V-K 1 x 0,75 mm\u00b2 Bobina en caja de cart\u00f3n<\/p>","protected":false},"featured_media":14507,"comment_status":"open","ping_status":"closed","template":"","meta":[],"product_brand":[141],"product_cat":[346],"product_tag":[551],"class_list":{"0":"post-13455","1":"product","2":"type-product","3":"status-publish","4":"has-post-thumbnail","6":"product_brand-helukabel","7":"product_cat-cable-monopolar","8":"product_tag-monoconductor","10":"first","11":"instock","12":"shipping-taxable","13":"purchasable","14":"product-type-variable"},"_links":{"self":[{"href":"https:\/\/ferruzca.amarilio.net\/en\/wp-json\/wp\/v2\/product\/13455","targetHints":{"allow":["GET"]}}],"collection":[{"href":"https:\/\/ferruzca.amarilio.net\/en\/wp-json\/wp\/v2\/product"}],"about":[{"href":"https:\/\/ferruzca.amarilio.net\/en\/wp-json\/wp\/v2\/types\/product"}],"replies":[{"embeddable":true,"href":"https:\/\/ferruzca.amarilio.net\/en\/wp-json\/wp\/v2\/comments?post=13455"}],"wp:featuredmedia":[{"embeddable":true,"href":"https:\/\/ferruzca.amarilio.net\/en\/wp-json\/wp\/v2\/media\/14507"}],"wp:attachment":[{"href":"https:\/\/ferruzca.amarilio.net\/en\/wp-json\/wp\/v2\/media?parent=13455"}],"wp:term":[{"taxonomy":"product_brand","embeddable":true,"href":"https:\/\/ferruzca.amarilio.net\/en\/wp-json\/wp\/v2\/product_brand?post=13455"},{"taxonomy":"product_cat","embeddable":true,"href":"https:\/\/ferruzca.amarilio.net\/en\/wp-json\/wp\/v2\/product_cat?post=13455"},{"taxonomy":"product_tag","embeddable":true,"href":"https:\/\/ferruzca.amarilio.net\/en\/wp-json\/wp\/v2\/product_tag?post=13455"}],"curies":[{"name":"wp","href":"https:\/\/api.w.org\/{rel}","templated":true}]}}