{"id":13397,"date":"2026-03-12T04:16:36","date_gmt":"2026-03-12T04:16:36","guid":{"rendered":"https:\/\/ferruzca.amarilio.net\/product\/7l-01\/"},"modified":"2026-04-08T22:49:21","modified_gmt":"2026-04-08T22:49:21","slug":"7l-01","status":"publish","type":"product","link":"https:\/\/ferruzca.amarilio.net\/en\/product\/7l-01\/","title":{"rendered":"7L.01"},"content":{"rendered":"<p>La serie 7L es a soluci\u00f3n perfecta para la iluminaci\u00f3n de armarios el\u00e9ctricos y cuadros de control de todo tipo.<\/p>","protected":false},"excerpt":{"rendered":"<p>Cable de conexi\u00f3n AC 2&#215;1.5mm2, 2m Longitud<\/p>","protected":false},"featured_media":14322,"comment_status":"open","ping_status":"closed","template":"","meta":[],"product_brand":[171],"product_cat":[353],"product_tag":[410],"class_list":{"0":"post-13397","1":"product","2":"type-product","3":"status-publish","4":"has-post-thumbnail","6":"product_brand-finder","7":"product_cat-conectores","8":"product_tag-iluminacion-gabinete","10":"first","11":"instock","12":"sale","13":"shipping-taxable","14":"purchasable","15":"product-type-simple"},"_links":{"self":[{"href":"https:\/\/ferruzca.amarilio.net\/en\/wp-json\/wp\/v2\/product\/13397","targetHints":{"allow":["GET"]}}],"collection":[{"href":"https:\/\/ferruzca.amarilio.net\/en\/wp-json\/wp\/v2\/product"}],"about":[{"href":"https:\/\/ferruzca.amarilio.net\/en\/wp-json\/wp\/v2\/types\/product"}],"replies":[{"embeddable":true,"href":"https:\/\/ferruzca.amarilio.net\/en\/wp-json\/wp\/v2\/comments?post=13397"}],"wp:featuredmedia":[{"embeddable":true,"href":"https:\/\/ferruzca.amarilio.net\/en\/wp-json\/wp\/v2\/media\/14322"}],"wp:attachment":[{"href":"https:\/\/ferruzca.amarilio.net\/en\/wp-json\/wp\/v2\/media?parent=13397"}],"wp:term":[{"taxonomy":"product_brand","embeddable":true,"href":"https:\/\/ferruzca.amarilio.net\/en\/wp-json\/wp\/v2\/product_brand?post=13397"},{"taxonomy":"product_cat","embeddable":true,"href":"https:\/\/ferruzca.amarilio.net\/en\/wp-json\/wp\/v2\/product_cat?post=13397"},{"taxonomy":"product_tag","embeddable":true,"href":"https:\/\/ferruzca.amarilio.net\/en\/wp-json\/wp\/v2\/product_tag?post=13397"}],"curies":[{"name":"wp","href":"https:\/\/api.w.org\/{rel}","templated":true}]}}