{"id":13394,"date":"2026-03-12T04:16:35","date_gmt":"2026-03-12T04:16:35","guid":{"rendered":"https:\/\/ferruzca.amarilio.net\/product\/tgl20\/"},"modified":"2026-04-08T22:50:52","modified_gmt":"2026-04-08T22:50:52","slug":"tgl20","status":"publish","type":"product","link":"https:\/\/ferruzca.amarilio.net\/en\/product\/tgl20\/","title":{"rendered":"TGL20"},"content":{"rendered":"<p>El centro de carga trif\u00e1sico PowerMark Plus est\u00e1 di se\u00f1ado para uso en unidades residenciales comercia les o de gran altura. La caja galvanizada y los tacos de cobre esta\u00f1ado aseguran la confiabilidad y durabili dad del centro de carga. El producto est\u00e1 disponible con el interruptor principal instalado de f\u00e1brica o con los terminales principales instalados de f\u00e1brica<\/p>","protected":false},"excerpt":{"rendered":"<p>CONEXION A TIERRA DE TABLERO POWERMARK PLUS TGL20<\/p>","protected":false},"featured_media":14322,"comment_status":"open","ping_status":"closed","template":"","meta":[],"product_brand":[143],"product_cat":[367],"product_tag":[488],"class_list":{"0":"post-13394","1":"product","2":"type-product","3":"status-publish","4":"has-post-thumbnail","6":"product_brand-abb","7":"product_cat-centros-de-carga","8":"product_tag-centro-de-carga-enchufable","10":"first","11":"instock","12":"shipping-taxable","13":"purchasable","14":"product-type-simple"},"_links":{"self":[{"href":"https:\/\/ferruzca.amarilio.net\/en\/wp-json\/wp\/v2\/product\/13394","targetHints":{"allow":["GET"]}}],"collection":[{"href":"https:\/\/ferruzca.amarilio.net\/en\/wp-json\/wp\/v2\/product"}],"about":[{"href":"https:\/\/ferruzca.amarilio.net\/en\/wp-json\/wp\/v2\/types\/product"}],"replies":[{"embeddable":true,"href":"https:\/\/ferruzca.amarilio.net\/en\/wp-json\/wp\/v2\/comments?post=13394"}],"wp:featuredmedia":[{"embeddable":true,"href":"https:\/\/ferruzca.amarilio.net\/en\/wp-json\/wp\/v2\/media\/14322"}],"wp:attachment":[{"href":"https:\/\/ferruzca.amarilio.net\/en\/wp-json\/wp\/v2\/media?parent=13394"}],"wp:term":[{"taxonomy":"product_brand","embeddable":true,"href":"https:\/\/ferruzca.amarilio.net\/en\/wp-json\/wp\/v2\/product_brand?post=13394"},{"taxonomy":"product_cat","embeddable":true,"href":"https:\/\/ferruzca.amarilio.net\/en\/wp-json\/wp\/v2\/product_cat?post=13394"},{"taxonomy":"product_tag","embeddable":true,"href":"https:\/\/ferruzca.amarilio.net\/en\/wp-json\/wp\/v2\/product_tag?post=13394"}],"curies":[{"name":"wp","href":"https:\/\/api.w.org\/{rel}","templated":true}]}}