{"id":13387,"date":"2026-03-12T04:16:33","date_gmt":"2026-03-12T04:16:33","guid":{"rendered":"https:\/\/ferruzca.amarilio.net\/product\/no-de-parte-88-92-0-240-0001\/"},"modified":"2026-04-08T22:49:33","modified_gmt":"2026-04-08T22:49:33","slug":"no-de-parte-88-92-0-240-0001","status":"publish","type":"product","link":"https:\/\/ferruzca.amarilio.net\/en\/product\/no-de-parte-88-92-0-240-0001\/","title":{"rendered":"NO. DE PARTE 88.92.0.240.0001"},"content":{"rendered":"<p>Temporizador monofunci\u00f3n adecuado para el montaje en z\u00f3calo o para la instalaci\u00f3n en puerta. Disponible versi\u00f3n con funci\u00f3n PI (inicio OFF) para el tipo 88.92-0000, con funci\u00f3n LI (inicio ON) para el tipo 88.92-0001.<\/p>","protected":false},"excerpt":{"rendered":"<p>Tempo. Mono. Octal (LI) (12.240VAC\/DC) 2CC 8A<\/p>","protected":false},"featured_media":14253,"comment_status":"open","ping_status":"closed","template":"","meta":[],"product_brand":[171],"product_cat":[359],"product_tag":[445],"class_list":{"0":"post-13387","1":"product","2":"type-product","3":"status-publish","4":"has-post-thumbnail","6":"product_brand-finder","7":"product_cat-arranque-motor-y-protecciones","8":"product_tag-temporizador-enchufable","10":"first","11":"outofstock","12":"sale","13":"shipping-taxable","14":"purchasable","15":"product-type-simple"},"_links":{"self":[{"href":"https:\/\/ferruzca.amarilio.net\/en\/wp-json\/wp\/v2\/product\/13387","targetHints":{"allow":["GET"]}}],"collection":[{"href":"https:\/\/ferruzca.amarilio.net\/en\/wp-json\/wp\/v2\/product"}],"about":[{"href":"https:\/\/ferruzca.amarilio.net\/en\/wp-json\/wp\/v2\/types\/product"}],"replies":[{"embeddable":true,"href":"https:\/\/ferruzca.amarilio.net\/en\/wp-json\/wp\/v2\/comments?post=13387"}],"wp:featuredmedia":[{"embeddable":true,"href":"https:\/\/ferruzca.amarilio.net\/en\/wp-json\/wp\/v2\/media\/14253"}],"wp:attachment":[{"href":"https:\/\/ferruzca.amarilio.net\/en\/wp-json\/wp\/v2\/media?parent=13387"}],"wp:term":[{"taxonomy":"product_brand","embeddable":true,"href":"https:\/\/ferruzca.amarilio.net\/en\/wp-json\/wp\/v2\/product_brand?post=13387"},{"taxonomy":"product_cat","embeddable":true,"href":"https:\/\/ferruzca.amarilio.net\/en\/wp-json\/wp\/v2\/product_cat?post=13387"},{"taxonomy":"product_tag","embeddable":true,"href":"https:\/\/ferruzca.amarilio.net\/en\/wp-json\/wp\/v2\/product_tag?post=13387"}],"curies":[{"name":"wp","href":"https:\/\/api.w.org\/{rel}","templated":true}]}}