{"id":13384,"date":"2026-03-12T04:16:31","date_gmt":"2026-03-12T04:16:31","guid":{"rendered":"https:\/\/ferruzca.amarilio.net\/product\/no-de-parte-86-00-0-240-0000\/"},"modified":"2026-04-08T22:49:33","modified_gmt":"2026-04-08T22:49:33","slug":"no-de-parte-86-00-0-240-0000","status":"publish","type":"product","link":"https:\/\/ferruzca.amarilio.net\/en\/product\/no-de-parte-86-00-0-240-0000\/","title":{"rendered":"NO. DE PARTE 86.00.0.240.0000"},"content":{"rendered":"<p>M\u00f3dulo temporizador Tipo 86.00 multifunci\u00f3n y multivoltaje, utilizable con rel\u00e9s a bases Serie 90, 92, 96. El tipo 86.00 cuenta con una amplia escala de tiempo que va de 0,05s a 100h y un amplio rango de alimentaci\u00f3n de 12 a 240V AC\/DC. Disponible versi\u00f3n conforme a la DIRECTIVA ATEX (Ex ec) &#8211; HazLoc Clase I Div. 2 Grupo A, B, C, D &#8211; T6. Garantiza el inserci\u00f3n en las bases types 94.0x con START externo.<\/p>","protected":false},"excerpt":{"rendered":"<p>Temporizador Multifunci\u00f3n (0.05 s&#8230;100 h)<\/p>","protected":false},"featured_media":14217,"comment_status":"open","ping_status":"closed","template":"","meta":[],"product_brand":[171],"product_cat":[359],"product_tag":[446],"class_list":{"0":"post-13384","1":"product","2":"type-product","3":"status-publish","4":"has-post-thumbnail","6":"product_brand-finder","7":"product_cat-arranque-motor-y-protecciones","8":"product_tag-modulo-temporizado","10":"first","11":"instock","12":"sale","13":"shipping-taxable","14":"purchasable","15":"product-type-simple"},"_links":{"self":[{"href":"https:\/\/ferruzca.amarilio.net\/en\/wp-json\/wp\/v2\/product\/13384","targetHints":{"allow":["GET"]}}],"collection":[{"href":"https:\/\/ferruzca.amarilio.net\/en\/wp-json\/wp\/v2\/product"}],"about":[{"href":"https:\/\/ferruzca.amarilio.net\/en\/wp-json\/wp\/v2\/types\/product"}],"replies":[{"embeddable":true,"href":"https:\/\/ferruzca.amarilio.net\/en\/wp-json\/wp\/v2\/comments?post=13384"}],"wp:featuredmedia":[{"embeddable":true,"href":"https:\/\/ferruzca.amarilio.net\/en\/wp-json\/wp\/v2\/media\/14217"}],"wp:attachment":[{"href":"https:\/\/ferruzca.amarilio.net\/en\/wp-json\/wp\/v2\/media?parent=13384"}],"wp:term":[{"taxonomy":"product_brand","embeddable":true,"href":"https:\/\/ferruzca.amarilio.net\/en\/wp-json\/wp\/v2\/product_brand?post=13384"},{"taxonomy":"product_cat","embeddable":true,"href":"https:\/\/ferruzca.amarilio.net\/en\/wp-json\/wp\/v2\/product_cat?post=13384"},{"taxonomy":"product_tag","embeddable":true,"href":"https:\/\/ferruzca.amarilio.net\/en\/wp-json\/wp\/v2\/product_tag?post=13384"}],"curies":[{"name":"wp","href":"https:\/\/api.w.org\/{rel}","templated":true}]}}