{"id":13379,"date":"2026-03-12T04:16:29","date_gmt":"2026-03-12T04:16:29","guid":{"rendered":"https:\/\/ferruzca.amarilio.net\/product\/no-de-parte-84-02-0-230-0000\/"},"modified":"2026-04-08T22:49:33","modified_gmt":"2026-04-08T22:49:33","slug":"no-de-parte-84-02-0-230-0000","status":"publish","type":"product","link":"https:\/\/ferruzca.amarilio.net\/en\/product\/no-de-parte-84-02-0-230-0000\/","title":{"rendered":"NO. DE PARTE 84.02.0.230.0000"},"content":{"rendered":"<p>Temporizador digital multifunci\u00f3n Smartimer con dos canales independientes y dos modos de programaci\u00f3n: &#8211; Smart v\u00eda Smartphone, a trav\u00e9s de tecnolog\u00eda NFC &#8211;<\/p>","protected":false},"excerpt":{"rendered":"<p>SMARTimer (110.240VAC\/DC) 2CC 16A<\/p>","protected":false},"featured_media":6860,"comment_status":"open","ping_status":"closed","template":"","meta":[],"product_brand":[171],"product_cat":[359],"product_tag":[444],"class_list":{"0":"post-13379","1":"product","2":"type-product","3":"status-publish","4":"has-post-thumbnail","6":"product_brand-finder","7":"product_cat-arranque-motor-y-protecciones","8":"product_tag-temporizador-digital","10":"first","11":"instock","12":"sale","13":"shipping-taxable","14":"purchasable","15":"product-type-simple"},"_links":{"self":[{"href":"https:\/\/ferruzca.amarilio.net\/en\/wp-json\/wp\/v2\/product\/13379","targetHints":{"allow":["GET"]}}],"collection":[{"href":"https:\/\/ferruzca.amarilio.net\/en\/wp-json\/wp\/v2\/product"}],"about":[{"href":"https:\/\/ferruzca.amarilio.net\/en\/wp-json\/wp\/v2\/types\/product"}],"replies":[{"embeddable":true,"href":"https:\/\/ferruzca.amarilio.net\/en\/wp-json\/wp\/v2\/comments?post=13379"}],"wp:featuredmedia":[{"embeddable":true,"href":"https:\/\/ferruzca.amarilio.net\/en\/wp-json\/wp\/v2\/media\/6860"}],"wp:attachment":[{"href":"https:\/\/ferruzca.amarilio.net\/en\/wp-json\/wp\/v2\/media?parent=13379"}],"wp:term":[{"taxonomy":"product_brand","embeddable":true,"href":"https:\/\/ferruzca.amarilio.net\/en\/wp-json\/wp\/v2\/product_brand?post=13379"},{"taxonomy":"product_cat","embeddable":true,"href":"https:\/\/ferruzca.amarilio.net\/en\/wp-json\/wp\/v2\/product_cat?post=13379"},{"taxonomy":"product_tag","embeddable":true,"href":"https:\/\/ferruzca.amarilio.net\/en\/wp-json\/wp\/v2\/product_tag?post=13379"}],"curies":[{"name":"wp","href":"https:\/\/api.w.org\/{rel}","templated":true}]}}