{"id":13377,"date":"2026-03-12T04:16:29","date_gmt":"2026-03-12T04:16:29","guid":{"rendered":"https:\/\/ferruzca.amarilio.net\/product\/no-de-parte-83-02-0-240-0000\/"},"modified":"2026-04-08T22:49:33","modified_gmt":"2026-04-08T22:49:33","slug":"no-de-parte-83-02-0-240-0000","status":"publish","type":"product","link":"https:\/\/ferruzca.amarilio.net\/en\/product\/no-de-parte-83-02-0-240-0000\/","title":{"rendered":"NO. DE PARTE 83.02.0.240.0000"},"content":{"rendered":"<p>Temporizador multitensi\u00f3n y multifunci\u00f3n, ajustable con potenci\u00f3metro externo, 2 contactos temporizados o 1 temporizado + 1 instant\u00e1neo y 3 funciones con opci\u00f3n de pausa.<\/p>","protected":false},"excerpt":{"rendered":"<p>Tempo. Multif. (24.240VAC\/DC) 2CC 12A<\/p>","protected":false},"featured_media":6858,"comment_status":"open","ping_status":"closed","template":"","meta":[],"product_brand":[171],"product_cat":[359],"product_tag":[443],"class_list":{"0":"post-13377","1":"product","2":"type-product","3":"status-publish","4":"has-post-thumbnail","6":"product_brand-finder","7":"product_cat-arranque-motor-y-protecciones","8":"product_tag-temporizador-modular","10":"first","11":"instock","12":"sale","13":"shipping-taxable","14":"purchasable","15":"product-type-simple"},"_links":{"self":[{"href":"https:\/\/ferruzca.amarilio.net\/en\/wp-json\/wp\/v2\/product\/13377","targetHints":{"allow":["GET"]}}],"collection":[{"href":"https:\/\/ferruzca.amarilio.net\/en\/wp-json\/wp\/v2\/product"}],"about":[{"href":"https:\/\/ferruzca.amarilio.net\/en\/wp-json\/wp\/v2\/types\/product"}],"replies":[{"embeddable":true,"href":"https:\/\/ferruzca.amarilio.net\/en\/wp-json\/wp\/v2\/comments?post=13377"}],"wp:featuredmedia":[{"embeddable":true,"href":"https:\/\/ferruzca.amarilio.net\/en\/wp-json\/wp\/v2\/media\/6858"}],"wp:attachment":[{"href":"https:\/\/ferruzca.amarilio.net\/en\/wp-json\/wp\/v2\/media?parent=13377"}],"wp:term":[{"taxonomy":"product_brand","embeddable":true,"href":"https:\/\/ferruzca.amarilio.net\/en\/wp-json\/wp\/v2\/product_brand?post=13377"},{"taxonomy":"product_cat","embeddable":true,"href":"https:\/\/ferruzca.amarilio.net\/en\/wp-json\/wp\/v2\/product_cat?post=13377"},{"taxonomy":"product_tag","embeddable":true,"href":"https:\/\/ferruzca.amarilio.net\/en\/wp-json\/wp\/v2\/product_tag?post=13377"}],"curies":[{"name":"wp","href":"https:\/\/api.w.org\/{rel}","templated":true}]}}