{"id":13376,"date":"2026-03-12T04:16:29","date_gmt":"2026-03-12T04:16:29","guid":{"rendered":"https:\/\/ferruzca.amarilio.net\/product\/no-de-parte-80-91-0-240-0000\/"},"modified":"2026-04-08T22:49:32","modified_gmt":"2026-04-08T22:49:32","slug":"no-de-parte-80-91-0-240-0000","status":"publish","type":"product","link":"https:\/\/ferruzca.amarilio.net\/en\/product\/no-de-parte-80-91-0-240-0000\/","title":{"rendered":"NO. DE PARTE 80.91.0.240.0000"},"content":{"rendered":"<p>Temporizador multitensi\u00f3n y monofunci\u00f3n: LI &#8211; intermitencia asim\u00e9trica con inicio ON y LE &#8211; intermitencia asim\u00e9trica con inicio ON con se\u00f1al de control.<\/p>","protected":false},"excerpt":{"rendered":"<p>Tempo. Bifunci\u00f3n (LI, LE) (12.240VAC\/DC) 1CC 16A<\/p>","protected":false},"featured_media":6857,"comment_status":"open","ping_status":"closed","template":"","meta":[],"product_brand":[171],"product_cat":[359],"product_tag":[443],"class_list":{"0":"post-13376","1":"product","2":"type-product","3":"status-publish","4":"has-post-thumbnail","6":"product_brand-finder","7":"product_cat-arranque-motor-y-protecciones","8":"product_tag-temporizador-modular","10":"first","11":"instock","12":"sale","13":"shipping-taxable","14":"purchasable","15":"product-type-simple"},"_links":{"self":[{"href":"https:\/\/ferruzca.amarilio.net\/en\/wp-json\/wp\/v2\/product\/13376","targetHints":{"allow":["GET"]}}],"collection":[{"href":"https:\/\/ferruzca.amarilio.net\/en\/wp-json\/wp\/v2\/product"}],"about":[{"href":"https:\/\/ferruzca.amarilio.net\/en\/wp-json\/wp\/v2\/types\/product"}],"replies":[{"embeddable":true,"href":"https:\/\/ferruzca.amarilio.net\/en\/wp-json\/wp\/v2\/comments?post=13376"}],"wp:featuredmedia":[{"embeddable":true,"href":"https:\/\/ferruzca.amarilio.net\/en\/wp-json\/wp\/v2\/media\/6857"}],"wp:attachment":[{"href":"https:\/\/ferruzca.amarilio.net\/en\/wp-json\/wp\/v2\/media?parent=13376"}],"wp:term":[{"taxonomy":"product_brand","embeddable":true,"href":"https:\/\/ferruzca.amarilio.net\/en\/wp-json\/wp\/v2\/product_brand?post=13376"},{"taxonomy":"product_cat","embeddable":true,"href":"https:\/\/ferruzca.amarilio.net\/en\/wp-json\/wp\/v2\/product_cat?post=13376"},{"taxonomy":"product_tag","embeddable":true,"href":"https:\/\/ferruzca.amarilio.net\/en\/wp-json\/wp\/v2\/product_tag?post=13376"}],"curies":[{"name":"wp","href":"https:\/\/api.w.org\/{rel}","templated":true}]}}