{"id":13338,"date":"2026-03-12T04:16:16","date_gmt":"2026-03-12T04:16:16","guid":{"rendered":"https:\/\/ferruzca.amarilio.net\/product\/is2-el2040k\/"},"modified":"2026-04-08T22:50:31","modified_gmt":"2026-04-08T22:50:31","slug":"is2-el2040k","status":"publish","type":"product","link":"https:\/\/ferruzca.amarilio.net\/en\/product\/is2-el2040k\/","title":{"rendered":"IS2-EL2040K"},"content":{"rendered":"<p>Gabinetes Modulares utilizados para alojar toda la gama System pro M compact para Distribuci\u00f3n de Potencia y Control. Con una capacidad desde 2 hasta 216 m\u00f3dulos y hasta 400 A. Opciones sin puerta y con puerta; para sobreponer y empotrar. Con Grados de Protecci\u00f3n IP 40, IP 55 e IP 66.<\/p>","protected":false},"excerpt":{"rendered":"<p>Juego de 2 paneles laterales,color Gris RAL 7035 para Gabiente IS2<\/p>","protected":false},"featured_media":14249,"comment_status":"open","ping_status":"closed","template":"","meta":[],"product_brand":[143],"product_cat":[365],"product_tag":[471],"class_list":{"0":"post-13338","1":"product","2":"type-product","3":"status-publish","4":"has-post-thumbnail","6":"product_brand-abb","7":"product_cat-accesorios-gabinetes","8":"product_tag-gabinetes-modulares","10":"first","11":"instock","12":"shipping-taxable","13":"purchasable","14":"product-type-simple"},"_links":{"self":[{"href":"https:\/\/ferruzca.amarilio.net\/en\/wp-json\/wp\/v2\/product\/13338","targetHints":{"allow":["GET"]}}],"collection":[{"href":"https:\/\/ferruzca.amarilio.net\/en\/wp-json\/wp\/v2\/product"}],"about":[{"href":"https:\/\/ferruzca.amarilio.net\/en\/wp-json\/wp\/v2\/types\/product"}],"replies":[{"embeddable":true,"href":"https:\/\/ferruzca.amarilio.net\/en\/wp-json\/wp\/v2\/comments?post=13338"}],"wp:featuredmedia":[{"embeddable":true,"href":"https:\/\/ferruzca.amarilio.net\/en\/wp-json\/wp\/v2\/media\/14249"}],"wp:attachment":[{"href":"https:\/\/ferruzca.amarilio.net\/en\/wp-json\/wp\/v2\/media?parent=13338"}],"wp:term":[{"taxonomy":"product_brand","embeddable":true,"href":"https:\/\/ferruzca.amarilio.net\/en\/wp-json\/wp\/v2\/product_brand?post=13338"},{"taxonomy":"product_cat","embeddable":true,"href":"https:\/\/ferruzca.amarilio.net\/en\/wp-json\/wp\/v2\/product_cat?post=13338"},{"taxonomy":"product_tag","embeddable":true,"href":"https:\/\/ferruzca.amarilio.net\/en\/wp-json\/wp\/v2\/product_tag?post=13338"}],"curies":[{"name":"wp","href":"https:\/\/api.w.org\/{rel}","templated":true}]}}