{"id":12229,"date":"2026-02-12T22:08:05","date_gmt":"2026-02-12T22:08:05","guid":{"rendered":"https:\/\/ferruzca.amarilio.net\/product\/nbn40-u1-a2\/"},"modified":"2026-04-08T22:51:12","modified_gmt":"2026-04-08T22:51:12","slug":"nbn40-u1-a2","status":"publish","type":"product","link":"https:\/\/ferruzca.amarilio.net\/en\/product\/nbn40-u1-a2\/","title":{"rendered":"NBN40-U1-A2"},"content":{"rendered":"<p>Pepperl+Fuchs es uno de los l\u00edderes mundiales en la fabricaci\u00f3n de sensores industriales. Sus sensores capacitivos se distinguen por su extrema fiabilidad y versatilidad para detectar tanto objetos met\u00e1licos como no met\u00e1licos (l\u00edquidos, madera, vidrio, pl\u00e1stico). es reconocido mundialmente por su amplia gama de sensores con certificaci\u00f3n ATEX\/Ex para ambientes peligrosos, donde la seguridad es la prioridad n\u00famero uno.<\/p>","protected":false},"excerpt":{"rendered":"<p>SENSOR INDUCTIVO 40 MM NO ENRASADO 4 HILOS CC  SALIDA PNP <\/p>","protected":false},"featured_media":7624,"comment_status":"open","ping_status":"closed","template":"","meta":[],"product_brand":[283],"product_cat":[370],"product_tag":[524],"class_list":{"0":"post-12229","1":"product","2":"type-product","3":"status-publish","4":"has-post-thumbnail","6":"product_brand-pepperlfuchs","7":"product_cat-sensores-y-encoders","8":"product_tag-sensor-inductivo","10":"first","11":"instock","12":"sale","13":"shipping-taxable","14":"purchasable","15":"product-type-simple"},"_links":{"self":[{"href":"https:\/\/ferruzca.amarilio.net\/en\/wp-json\/wp\/v2\/product\/12229","targetHints":{"allow":["GET"]}}],"collection":[{"href":"https:\/\/ferruzca.amarilio.net\/en\/wp-json\/wp\/v2\/product"}],"about":[{"href":"https:\/\/ferruzca.amarilio.net\/en\/wp-json\/wp\/v2\/types\/product"}],"replies":[{"embeddable":true,"href":"https:\/\/ferruzca.amarilio.net\/en\/wp-json\/wp\/v2\/comments?post=12229"}],"wp:featuredmedia":[{"embeddable":true,"href":"https:\/\/ferruzca.amarilio.net\/en\/wp-json\/wp\/v2\/media\/7624"}],"wp:attachment":[{"href":"https:\/\/ferruzca.amarilio.net\/en\/wp-json\/wp\/v2\/media?parent=12229"}],"wp:term":[{"taxonomy":"product_brand","embeddable":true,"href":"https:\/\/ferruzca.amarilio.net\/en\/wp-json\/wp\/v2\/product_brand?post=12229"},{"taxonomy":"product_cat","embeddable":true,"href":"https:\/\/ferruzca.amarilio.net\/en\/wp-json\/wp\/v2\/product_cat?post=12229"},{"taxonomy":"product_tag","embeddable":true,"href":"https:\/\/ferruzca.amarilio.net\/en\/wp-json\/wp\/v2\/product_tag?post=12229"}],"curies":[{"name":"wp","href":"https:\/\/api.w.org\/{rel}","templated":true}]}}