{"id":12222,"date":"2026-02-12T22:08:03","date_gmt":"2026-02-12T22:08:03","guid":{"rendered":"https:\/\/ferruzca.amarilio.net\/product\/ca30ean25bpa2io\/"},"modified":"2026-04-08T22:51:12","modified_gmt":"2026-04-08T22:51:12","slug":"ca30ean25bpa2io","status":"publish","type":"product","link":"https:\/\/ferruzca.amarilio.net\/en\/product\/ca30ean25bpa2io\/","title":{"rendered":"CA30EAN25BPA2IO"},"content":{"rendered":"<p>La nueva generaci\u00f3n de sensores CA30CA\u2026IO es una familia completa de sensores capacitivos de alto rendimiento para la detecci\u00f3n de la mayor\u00eda de productos s\u00f3lidos o l\u00edquidos en aplicaciones industriales como el sector del pl\u00e1stico y del caucho, agricultura, alimentaci\u00f3n y bebidas y manipulaci\u00f3n de materiales. La 4.\u00aa generaci\u00f3n de la tecnolog\u00eda TRIPLESHIELDTM ofrece una mayor inmunidad a las interferencias electromagn\u00e9ticas (EMI), generadas por variadores de frecuencia, a la vez que mejora la inmunidad a la humedad y al polvo.<\/p>","protected":false},"excerpt":{"rendered":"<p>Sensor de proximidad capacitivo, montaje no empotrado, rango de detecci\u00f3n de 25 mm, ajustable de 4 a 30 mm, alimentaci\u00f3n de 10 a 40 V CC, salida NPN\/PNP, N.A.\/N.C., IO-Link, cable de PVC, carcasa AISI316L M30<\/p>","protected":false},"featured_media":7709,"comment_status":"open","ping_status":"closed","template":"","meta":[],"product_brand":[276],"product_cat":[370],"product_tag":[523],"class_list":{"0":"post-12222","1":"product","2":"type-product","3":"status-publish","4":"has-post-thumbnail","6":"product_brand-carlo-gavazzi","7":"product_cat-sensores-y-encoders","8":"product_tag-sensor-capacitivo","10":"first","11":"instock","12":"sale","13":"shipping-taxable","14":"purchasable","15":"product-type-simple"},"_links":{"self":[{"href":"https:\/\/ferruzca.amarilio.net\/en\/wp-json\/wp\/v2\/product\/12222","targetHints":{"allow":["GET"]}}],"collection":[{"href":"https:\/\/ferruzca.amarilio.net\/en\/wp-json\/wp\/v2\/product"}],"about":[{"href":"https:\/\/ferruzca.amarilio.net\/en\/wp-json\/wp\/v2\/types\/product"}],"replies":[{"embeddable":true,"href":"https:\/\/ferruzca.amarilio.net\/en\/wp-json\/wp\/v2\/comments?post=12222"}],"wp:featuredmedia":[{"embeddable":true,"href":"https:\/\/ferruzca.amarilio.net\/en\/wp-json\/wp\/v2\/media\/7709"}],"wp:attachment":[{"href":"https:\/\/ferruzca.amarilio.net\/en\/wp-json\/wp\/v2\/media?parent=12222"}],"wp:term":[{"taxonomy":"product_brand","embeddable":true,"href":"https:\/\/ferruzca.amarilio.net\/en\/wp-json\/wp\/v2\/product_brand?post=12222"},{"taxonomy":"product_cat","embeddable":true,"href":"https:\/\/ferruzca.amarilio.net\/en\/wp-json\/wp\/v2\/product_cat?post=12222"},{"taxonomy":"product_tag","embeddable":true,"href":"https:\/\/ferruzca.amarilio.net\/en\/wp-json\/wp\/v2\/product_tag?post=12222"}],"curies":[{"name":"wp","href":"https:\/\/api.w.org\/{rel}","templated":true}]}}