{"id":12219,"date":"2026-02-12T22:08:02","date_gmt":"2026-02-12T22:08:02","guid":{"rendered":"https:\/\/ferruzca.amarilio.net\/product\/ca18clf08to\/"},"modified":"2026-04-08T22:51:12","modified_gmt":"2026-04-08T22:51:12","slug":"ca18clf08to","status":"publish","type":"product","link":"https:\/\/ferruzca.amarilio.net\/en\/product\/ca18clf08to\/","title":{"rendered":"CA18CLF08TO"},"content":{"rendered":"<p>Sensores de proximidad capacitivos con distancia de detecci\u00f3n de 8 mm para montaje empotrado, o distancia de detecci\u00f3n 12 mm para montaje no empotrado. Salida CA de 2 hilos con funci\u00f3n NA \u00f3 NC. Caja de poli\u00e9ster M18 con cable de PVC de 2 m o conector M12. Ideal para aplicaciones de control de nivel en maquinaria de producci\u00f3n de pl\u00e1sticos.<\/p>","protected":false},"excerpt":{"rendered":"<p>Sensor de proximidad capacitivo, empotrable, rango de detecci\u00f3n de 8 mm, ajustable de 3 a 8 mm, alimentaci\u00f3n de 20 a 250 V CA, salida SCR, N.C., cable de PVC, carcasa M18.<\/p>","protected":false},"featured_media":7704,"comment_status":"open","ping_status":"closed","template":"","meta":[],"product_brand":[276],"product_cat":[370],"product_tag":[523],"class_list":{"0":"post-12219","1":"product","2":"type-product","3":"status-publish","4":"has-post-thumbnail","6":"product_brand-carlo-gavazzi","7":"product_cat-sensores-y-encoders","8":"product_tag-sensor-capacitivo","10":"first","11":"instock","12":"sale","13":"shipping-taxable","14":"purchasable","15":"product-type-simple"},"_links":{"self":[{"href":"https:\/\/ferruzca.amarilio.net\/en\/wp-json\/wp\/v2\/product\/12219","targetHints":{"allow":["GET"]}}],"collection":[{"href":"https:\/\/ferruzca.amarilio.net\/en\/wp-json\/wp\/v2\/product"}],"about":[{"href":"https:\/\/ferruzca.amarilio.net\/en\/wp-json\/wp\/v2\/types\/product"}],"replies":[{"embeddable":true,"href":"https:\/\/ferruzca.amarilio.net\/en\/wp-json\/wp\/v2\/comments?post=12219"}],"wp:featuredmedia":[{"embeddable":true,"href":"https:\/\/ferruzca.amarilio.net\/en\/wp-json\/wp\/v2\/media\/7704"}],"wp:attachment":[{"href":"https:\/\/ferruzca.amarilio.net\/en\/wp-json\/wp\/v2\/media?parent=12219"}],"wp:term":[{"taxonomy":"product_brand","embeddable":true,"href":"https:\/\/ferruzca.amarilio.net\/en\/wp-json\/wp\/v2\/product_brand?post=12219"},{"taxonomy":"product_cat","embeddable":true,"href":"https:\/\/ferruzca.amarilio.net\/en\/wp-json\/wp\/v2\/product_cat?post=12219"},{"taxonomy":"product_tag","embeddable":true,"href":"https:\/\/ferruzca.amarilio.net\/en\/wp-json\/wp\/v2\/product_tag?post=12219"}],"curies":[{"name":"wp","href":"https:\/\/api.w.org\/{rel}","templated":true}]}}