{"id":12216,"date":"2026-02-12T22:08:01","date_gmt":"2026-02-12T22:08:01","guid":{"rendered":"https:\/\/ferruzca.amarilio.net\/product\/ca12clc08bprt\/"},"modified":"2026-04-08T22:51:12","modified_gmt":"2026-04-08T22:51:12","slug":"ca12clc08bprt","status":"publish","type":"product","link":"https:\/\/ferruzca.amarilio.net\/en\/product\/ca12clc08bprt\/","title":{"rendered":"CA12CLC08BPRT"},"content":{"rendered":"<p>Sensores de proximidad capacitivos con distancia de detecci\u00f3n de 4 mm para montaje empotrado en metal o de 8 mm para montaje no empotrado. Los puntos de conmutaci\u00f3n se pueden modificar mediante la funci\u00f3n \u201cteachin\u201d. Salida de CC de 3 hilos con funci\u00f3n seleccionable NA y NC y alarma NPN. Caja de poli\u00e9ster gris con cable de PVC de 2 m o con conector M12.<\/p>","protected":false},"excerpt":{"rendered":"<p>SENSOR DE PROXIMIDAD CAPACITIVO NO RASANTE HASTA 8 MM DE DETECCION PNP M12 CABLE 2MTS<\/p>","protected":false},"featured_media":7701,"comment_status":"open","ping_status":"closed","template":"","meta":[],"product_brand":[276],"product_cat":[370],"product_tag":[523],"class_list":{"0":"post-12216","1":"product","2":"type-product","3":"status-publish","4":"has-post-thumbnail","6":"product_brand-carlo-gavazzi","7":"product_cat-sensores-y-encoders","8":"product_tag-sensor-capacitivo","10":"first","11":"instock","12":"sale","13":"shipping-taxable","14":"purchasable","15":"product-type-simple"},"_links":{"self":[{"href":"https:\/\/ferruzca.amarilio.net\/en\/wp-json\/wp\/v2\/product\/12216","targetHints":{"allow":["GET"]}}],"collection":[{"href":"https:\/\/ferruzca.amarilio.net\/en\/wp-json\/wp\/v2\/product"}],"about":[{"href":"https:\/\/ferruzca.amarilio.net\/en\/wp-json\/wp\/v2\/types\/product"}],"replies":[{"embeddable":true,"href":"https:\/\/ferruzca.amarilio.net\/en\/wp-json\/wp\/v2\/comments?post=12216"}],"wp:featuredmedia":[{"embeddable":true,"href":"https:\/\/ferruzca.amarilio.net\/en\/wp-json\/wp\/v2\/media\/7701"}],"wp:attachment":[{"href":"https:\/\/ferruzca.amarilio.net\/en\/wp-json\/wp\/v2\/media?parent=12216"}],"wp:term":[{"taxonomy":"product_brand","embeddable":true,"href":"https:\/\/ferruzca.amarilio.net\/en\/wp-json\/wp\/v2\/product_brand?post=12216"},{"taxonomy":"product_cat","embeddable":true,"href":"https:\/\/ferruzca.amarilio.net\/en\/wp-json\/wp\/v2\/product_cat?post=12216"},{"taxonomy":"product_tag","embeddable":true,"href":"https:\/\/ferruzca.amarilio.net\/en\/wp-json\/wp\/v2\/product_tag?post=12216"}],"curies":[{"name":"wp","href":"https:\/\/api.w.org\/{rel}","templated":true}]}}