{"id":12207,"date":"2026-02-12T22:07:58","date_gmt":"2026-02-12T22:07:58","guid":{"rendered":"https:\/\/ferruzca.amarilio.net\/product\/ca18can12bpm1io\/"},"modified":"2026-04-08T22:51:11","modified_gmt":"2026-04-08T22:51:11","slug":"ca18can12bpm1io","status":"publish","type":"product","link":"https:\/\/ferruzca.amarilio.net\/en\/product\/ca18can12bpm1io\/","title":{"rendered":"CA18CAN12BPM1IO"},"content":{"rendered":"<p>La nueva generaci\u00f3n de sensores CA18CA\u2026IO es una familia completa de sensores capacitivos de alto rendimiento para la detecci\u00f3n de la mayor\u00eda de productos s\u00f3lidos o l\u00edquidos en aplicaciones industriales como el sector del pl\u00e1stico y del caucho, agricultura, alimentaci\u00f3n y bebidas y manipulaci\u00f3n de materiales. La 4.\u00aa generaci\u00f3n de la tecnolog\u00eda TRIPLESHIELDTM ofrece una mayor inmunidad a las interferencias electromagn\u00e9ticas (EMI), generadas por variadores de frecuencia, a<br \/>\nla vez que mejora la inmunidad a la humedad y al polvo.<br \/>\nLa caja del sensor tiene un grado de protecci\u00f3n IP69K, as\u00ed como homologaci\u00f3n ECOLAB para soportar agentes de limpieza y desinfecci\u00f3n. La comunicaci\u00f3n IO-Link incorporada abre un amplio abanico de posibilidades, como la comunicaci\u00f3n sencilla y la personalizaci\u00f3n de ajustes de par\u00e1metros avanzados.<\/p>","protected":false},"excerpt":{"rendered":"<p>Sensor de proximidad capacitivo, montaje no empotrado, rango de detecci\u00f3n de 12 mm, ajustable de 3 a 15 mm, alimentaci\u00f3n de 10 a 40 V CC, salida NPN\/PNP, N.A.\/N.C., conector IO-Link M12.<\/p>","protected":false},"featured_media":7703,"comment_status":"open","ping_status":"closed","template":"","meta":[],"product_brand":[276],"product_cat":[370],"product_tag":[523],"class_list":{"0":"post-12207","1":"product","2":"type-product","3":"status-publish","4":"has-post-thumbnail","6":"product_brand-carlo-gavazzi","7":"product_cat-sensores-y-encoders","8":"product_tag-sensor-capacitivo","10":"first","11":"instock","12":"sale","13":"shipping-taxable","14":"purchasable","15":"product-type-simple"},"_links":{"self":[{"href":"https:\/\/ferruzca.amarilio.net\/en\/wp-json\/wp\/v2\/product\/12207","targetHints":{"allow":["GET"]}}],"collection":[{"href":"https:\/\/ferruzca.amarilio.net\/en\/wp-json\/wp\/v2\/product"}],"about":[{"href":"https:\/\/ferruzca.amarilio.net\/en\/wp-json\/wp\/v2\/types\/product"}],"replies":[{"embeddable":true,"href":"https:\/\/ferruzca.amarilio.net\/en\/wp-json\/wp\/v2\/comments?post=12207"}],"wp:featuredmedia":[{"embeddable":true,"href":"https:\/\/ferruzca.amarilio.net\/en\/wp-json\/wp\/v2\/media\/7703"}],"wp:attachment":[{"href":"https:\/\/ferruzca.amarilio.net\/en\/wp-json\/wp\/v2\/media?parent=12207"}],"wp:term":[{"taxonomy":"product_brand","embeddable":true,"href":"https:\/\/ferruzca.amarilio.net\/en\/wp-json\/wp\/v2\/product_brand?post=12207"},{"taxonomy":"product_cat","embeddable":true,"href":"https:\/\/ferruzca.amarilio.net\/en\/wp-json\/wp\/v2\/product_cat?post=12207"},{"taxonomy":"product_tag","embeddable":true,"href":"https:\/\/ferruzca.amarilio.net\/en\/wp-json\/wp\/v2\/product_tag?post=12207"}],"curies":[{"name":"wp","href":"https:\/\/api.w.org\/{rel}","templated":true}]}}