{"id":12206,"date":"2026-02-12T22:07:58","date_gmt":"2026-02-12T22:07:58","guid":{"rendered":"https:\/\/ferruzca.amarilio.net\/product\/ca18caf08pa\/"},"modified":"2026-04-08T22:51:11","modified_gmt":"2026-04-08T22:51:11","slug":"ca18caf08pa","status":"publish","type":"product","link":"https:\/\/ferruzca.amarilio.net\/en\/product\/ca18caf08pa\/","title":{"rendered":"CA18CAF08PA"},"content":{"rendered":"<p>Los sensores de proximidad capacitivos CA18CA incorporan tecnolog\u00eda 4\u00aa Generaci\u00f3n TRIPLESHIELDTM mejorada. Adem\u00e1s, estos sensores tienen una mayor inmunidad a interferencias electromagn\u00e9ticas (EMI), sobre todo a controladores de frecuencia. 4\u00aa Generaci\u00f3n TRIPLESHIELDTM no solo cuenta con una EMI optimizada, sino que tambi\u00e9n incrementa la inmunidad a la humedad y el polvo. La<br \/>\nimplementaci\u00f3n de la indicaci\u00f3n de estabilidad facilita el procedimiento de configuraci\u00f3n ya que las posiciones Stable ON y Stable OFF se indican a trav\u00e9s de los LED de color verde y amarillo.<br \/>\nLa distancia de detecci\u00f3n aumenta un 25 %, lo que permite una detecci\u00f3n estable<br \/>\nadicional. La funci\u00f3n de alarma de polvo proporciona una advertencia temprana que indica que es necesario limpiar el entorno de detecci\u00f3n. La funci\u00f3n de alarma de temperatura activa una alarma si la temperatura de la superficie de detecci\u00f3n supera los 60 grados celcius. La caja del sensor incorpora IP69K, as\u00ed como homologaci\u00f3n de ECOLAB para agentes de limpieza y desinfecci\u00f3n. <\/p>","protected":false},"excerpt":{"rendered":"<p>Sensor de proximidad capacitivo, montaje empotrado, rango de detecci\u00f3n de 8 mm, ajustable de 2 a 10 mm, alimentaci\u00f3n de 10 a 40 V CC, salida PNP, N.A. y N.C., cable de PVC.<\/p>","protected":false},"featured_media":7702,"comment_status":"open","ping_status":"closed","template":"","meta":[],"product_brand":[276],"product_cat":[370],"product_tag":[523],"class_list":{"0":"post-12206","1":"product","2":"type-product","3":"status-publish","4":"has-post-thumbnail","6":"product_brand-carlo-gavazzi","7":"product_cat-sensores-y-encoders","8":"product_tag-sensor-capacitivo","10":"first","11":"instock","12":"sale","13":"shipping-taxable","14":"purchasable","15":"product-type-simple"},"_links":{"self":[{"href":"https:\/\/ferruzca.amarilio.net\/en\/wp-json\/wp\/v2\/product\/12206","targetHints":{"allow":["GET"]}}],"collection":[{"href":"https:\/\/ferruzca.amarilio.net\/en\/wp-json\/wp\/v2\/product"}],"about":[{"href":"https:\/\/ferruzca.amarilio.net\/en\/wp-json\/wp\/v2\/types\/product"}],"replies":[{"embeddable":true,"href":"https:\/\/ferruzca.amarilio.net\/en\/wp-json\/wp\/v2\/comments?post=12206"}],"wp:featuredmedia":[{"embeddable":true,"href":"https:\/\/ferruzca.amarilio.net\/en\/wp-json\/wp\/v2\/media\/7702"}],"wp:attachment":[{"href":"https:\/\/ferruzca.amarilio.net\/en\/wp-json\/wp\/v2\/media?parent=12206"}],"wp:term":[{"taxonomy":"product_brand","embeddable":true,"href":"https:\/\/ferruzca.amarilio.net\/en\/wp-json\/wp\/v2\/product_brand?post=12206"},{"taxonomy":"product_cat","embeddable":true,"href":"https:\/\/ferruzca.amarilio.net\/en\/wp-json\/wp\/v2\/product_cat?post=12206"},{"taxonomy":"product_tag","embeddable":true,"href":"https:\/\/ferruzca.amarilio.net\/en\/wp-json\/wp\/v2\/product_tag?post=12206"}],"curies":[{"name":"wp","href":"https:\/\/api.w.org\/{rel}","templated":true}]}}