{"id":12202,"date":"2026-02-12T22:07:57","date_gmt":"2026-02-12T22:07:57","guid":{"rendered":"https:\/\/ferruzca.amarilio.net\/product\/rz3a60d25\/"},"modified":"2026-04-08T22:51:11","modified_gmt":"2026-04-08T22:51:11","slug":"rz3a60d25","status":"publish","type":"product","link":"https:\/\/ferruzca.amarilio.net\/en\/product\/rz3a60d25\/","title":{"rendered":"RZ3A60D25"},"content":{"rendered":"<p>El RZ3A es un rel\u00e9 de estado s\u00f3lido trif\u00e1sico de conmutaci\u00f3n tripolar adecuado para diversas cargas industriales, como elementos calefactores, motores y transformadores. La serie cubre una gama de corrientes de carga de hasta 75 AAC. La corriente nominal m\u00e1xima depende del tama\u00f1o del disipador al que se monte el rel\u00e9 de estado s\u00f3lido. La salida est\u00e1 protegida contra sobretensiones mediante un varistor integrado. La indicaci\u00f3n de control ON se realiza mediante un LED verde.<\/p>","protected":false},"excerpt":{"rendered":"<p>RELEVADOR DE ESTADO SOLIDO TRIFASICO 25A 600V \/Tensi\u00f3n de control: 4-32 VCC<\/p>","protected":false},"featured_media":6520,"comment_status":"open","ping_status":"closed","template":"","meta":[],"product_brand":[276],"product_cat":[347],"product_tag":[522],"class_list":{"0":"post-12202","1":"product","2":"type-product","3":"status-publish","4":"has-post-thumbnail","6":"product_brand-carlo-gavazzi","7":"product_cat-distribucion-de-potencia-y-proteccion-electrica","8":"product_tag-relevador-de-estado-solido-trifasico","10":"first","11":"instock","12":"sale","13":"shipping-taxable","14":"purchasable","15":"product-type-simple"},"_links":{"self":[{"href":"https:\/\/ferruzca.amarilio.net\/en\/wp-json\/wp\/v2\/product\/12202","targetHints":{"allow":["GET"]}}],"collection":[{"href":"https:\/\/ferruzca.amarilio.net\/en\/wp-json\/wp\/v2\/product"}],"about":[{"href":"https:\/\/ferruzca.amarilio.net\/en\/wp-json\/wp\/v2\/types\/product"}],"replies":[{"embeddable":true,"href":"https:\/\/ferruzca.amarilio.net\/en\/wp-json\/wp\/v2\/comments?post=12202"}],"wp:featuredmedia":[{"embeddable":true,"href":"https:\/\/ferruzca.amarilio.net\/en\/wp-json\/wp\/v2\/media\/6520"}],"wp:attachment":[{"href":"https:\/\/ferruzca.amarilio.net\/en\/wp-json\/wp\/v2\/media?parent=12202"}],"wp:term":[{"taxonomy":"product_brand","embeddable":true,"href":"https:\/\/ferruzca.amarilio.net\/en\/wp-json\/wp\/v2\/product_brand?post=12202"},{"taxonomy":"product_cat","embeddable":true,"href":"https:\/\/ferruzca.amarilio.net\/en\/wp-json\/wp\/v2\/product_cat?post=12202"},{"taxonomy":"product_tag","embeddable":true,"href":"https:\/\/ferruzca.amarilio.net\/en\/wp-json\/wp\/v2\/product_tag?post=12202"}],"curies":[{"name":"wp","href":"https:\/\/api.w.org\/{rel}","templated":true}]}}