{"id":12192,"date":"2026-02-12T22:07:53","date_gmt":"2026-02-12T22:07:53","guid":{"rendered":"https:\/\/ferruzca.amarilio.net\/product\/rm1a48d75\/"},"modified":"2026-04-08T22:51:11","modified_gmt":"2026-04-08T22:51:11","slug":"rm1a48d75","status":"publish","type":"product","link":"https:\/\/ferruzca.amarilio.net\/en\/product\/rm1a48d75\/","title":{"rendered":"RM1A48D75"},"content":{"rendered":"<p>El rel\u00e9 de conexi\u00f3n de paso por cero con salida de tiristor en antiparalelo es el rel\u00e9 industrial de estado s\u00f3lido m\u00e1s utilizado por sus m\u00faltiples aplicaciones. Puede utilizarse para cargas resistivas, inductivas y capacitivas. E rel\u00e9 de conexi\u00f3n de paso por cero conecta cuando la curva senoidal pasa por cero y desconecta cuando la Rel\u00e9 de Estado S\u00f3lido N\u00famero de fases Modo de conmutaci\u00f3n Tensi\u00f3n nominal Tensi\u00f3n de control Intensidad nominal C\u00f3digo de Pedido Rel\u00e9s de Estado S\u00f3lido intensidad pasa por cero. El varistor asegura la protecci\u00f3n contra transitorios en aplicaciones de la industria pesada, y el LED indica el estado de la entrada de control. El cubrebornas incorporado posee un grado de protecci\u00f3n IP 20. Los terminales de salida protegidos pueden llevar cables de hasta 16 mm2.<\/p>","protected":false},"excerpt":{"rendered":"<p>RELEVADOR DE ESTADO SOLIDO 75A 480 VAC<\/p>","protected":false},"featured_media":6519,"comment_status":"open","ping_status":"closed","template":"","meta":[],"product_brand":[276],"product_cat":[347],"product_tag":[435],"class_list":{"0":"post-12192","1":"product","2":"type-product","3":"status-publish","4":"has-post-thumbnail","6":"product_brand-carlo-gavazzi","7":"product_cat-distribucion-de-potencia-y-proteccion-electrica","8":"product_tag-relevador-de-estado-solido","10":"first","11":"instock","12":"sale","13":"shipping-taxable","14":"purchasable","15":"product-type-simple"},"_links":{"self":[{"href":"https:\/\/ferruzca.amarilio.net\/en\/wp-json\/wp\/v2\/product\/12192","targetHints":{"allow":["GET"]}}],"collection":[{"href":"https:\/\/ferruzca.amarilio.net\/en\/wp-json\/wp\/v2\/product"}],"about":[{"href":"https:\/\/ferruzca.amarilio.net\/en\/wp-json\/wp\/v2\/types\/product"}],"replies":[{"embeddable":true,"href":"https:\/\/ferruzca.amarilio.net\/en\/wp-json\/wp\/v2\/comments?post=12192"}],"wp:featuredmedia":[{"embeddable":true,"href":"https:\/\/ferruzca.amarilio.net\/en\/wp-json\/wp\/v2\/media\/6519"}],"wp:attachment":[{"href":"https:\/\/ferruzca.amarilio.net\/en\/wp-json\/wp\/v2\/media?parent=12192"}],"wp:term":[{"taxonomy":"product_brand","embeddable":true,"href":"https:\/\/ferruzca.amarilio.net\/en\/wp-json\/wp\/v2\/product_brand?post=12192"},{"taxonomy":"product_cat","embeddable":true,"href":"https:\/\/ferruzca.amarilio.net\/en\/wp-json\/wp\/v2\/product_cat?post=12192"},{"taxonomy":"product_tag","embeddable":true,"href":"https:\/\/ferruzca.amarilio.net\/en\/wp-json\/wp\/v2\/product_tag?post=12192"}],"curies":[{"name":"wp","href":"https:\/\/api.w.org\/{rel}","templated":true}]}}