{"id":12162,"date":"2026-02-12T22:07:42","date_gmt":"2026-02-12T22:07:42","guid":{"rendered":"https:\/\/ferruzca.amarilio.net\/product\/gdp402l120v\/"},"modified":"2026-04-08T22:51:09","modified_gmt":"2026-04-08T22:51:09","slug":"gdp402l120v","status":"publish","type":"product","link":"https:\/\/ferruzca.amarilio.net\/en\/product\/gdp402l120v\/","title":{"rendered":"GDP402L120V"},"content":{"rendered":"<p>Contactores de potencia dise\u00f1ados espec\u00edficamente para fabricantes de equipos originales (OEM) que requieren optimizar el rendimiento, la capacidad de contacto y el costo. Son la opci\u00f3n ideal para sistemas de climatizaci\u00f3n (HVAC), iluminaci\u00f3n, bombas, compresores, piscinas, spas, soldadoras, entre otros.<\/p>","protected":false},"excerpt":{"rendered":"<p>CONTACTOR DE PROPOSITO DEFINIDO 2 POLOS 40A 120VAC CON TERMINALES<\/p>","protected":false},"featured_media":6515,"comment_status":"open","ping_status":"closed","template":"","meta":[],"product_brand":[276],"product_cat":[347],"product_tag":[521],"class_list":{"0":"post-12162","1":"product","2":"type-product","3":"status-publish","4":"has-post-thumbnail","6":"product_brand-carlo-gavazzi","7":"product_cat-distribucion-de-potencia-y-proteccion-electrica","8":"product_tag-contactor-de-proposito-definido","10":"first","11":"instock","12":"sale","13":"shipping-taxable","14":"purchasable","15":"product-type-simple"},"_links":{"self":[{"href":"https:\/\/ferruzca.amarilio.net\/en\/wp-json\/wp\/v2\/product\/12162","targetHints":{"allow":["GET"]}}],"collection":[{"href":"https:\/\/ferruzca.amarilio.net\/en\/wp-json\/wp\/v2\/product"}],"about":[{"href":"https:\/\/ferruzca.amarilio.net\/en\/wp-json\/wp\/v2\/types\/product"}],"replies":[{"embeddable":true,"href":"https:\/\/ferruzca.amarilio.net\/en\/wp-json\/wp\/v2\/comments?post=12162"}],"wp:featuredmedia":[{"embeddable":true,"href":"https:\/\/ferruzca.amarilio.net\/en\/wp-json\/wp\/v2\/media\/6515"}],"wp:attachment":[{"href":"https:\/\/ferruzca.amarilio.net\/en\/wp-json\/wp\/v2\/media?parent=12162"}],"wp:term":[{"taxonomy":"product_brand","embeddable":true,"href":"https:\/\/ferruzca.amarilio.net\/en\/wp-json\/wp\/v2\/product_brand?post=12162"},{"taxonomy":"product_cat","embeddable":true,"href":"https:\/\/ferruzca.amarilio.net\/en\/wp-json\/wp\/v2\/product_cat?post=12162"},{"taxonomy":"product_tag","embeddable":true,"href":"https:\/\/ferruzca.amarilio.net\/en\/wp-json\/wp\/v2\/product_tag?post=12162"}],"curies":[{"name":"wp","href":"https:\/\/api.w.org\/{rel}","templated":true}]}}