{"id":12147,"date":"2026-02-12T22:07:38","date_gmt":"2026-02-12T22:07:38","guid":{"rendered":"https:\/\/ferruzca.amarilio.net\/product\/pluto-b20-v2\/"},"modified":"2026-04-08T22:51:09","modified_gmt":"2026-04-08T22:51:09","slug":"pluto-b20-v2","status":"publish","type":"product","link":"https:\/\/ferruzca.amarilio.net\/en\/product\/pluto-b20-v2\/","title":{"rendered":"Pluto B20 v2"},"content":{"rendered":"<p>ABB ofrece una variedad completa de soluciones para conectar, proteger, controlar y medir una amplia gama de instalaciones el\u00e9ctricas, envolventes, cuadros el\u00e9ctricos, electr\u00f3nica y dispositivos electromec\u00e1nicos. Mejora la confiabilidad y eficiencia de las actividades de sus clientes en todas las industrias principales, incluido el sector residencial.<\/p>","protected":false},"excerpt":{"rendered":"<p>Controlador de seguridad programable<\/p>","protected":false},"featured_media":14694,"comment_status":"open","ping_status":"closed","template":"","meta":[],"product_brand":[143],"product_cat":[354],"product_tag":[518,515,496],"class_list":{"0":"post-12147","1":"product","2":"type-product","3":"status-publish","4":"has-post-thumbnail","6":"product_brand-abb","7":"product_cat-interruptores","8":"product_tag-baja-tension","9":"product_tag-interruptor","10":"product_tag-seguridad","12":"first","13":"instock","14":"sale","15":"shipping-taxable","16":"purchasable","17":"product-type-simple"},"_links":{"self":[{"href":"https:\/\/ferruzca.amarilio.net\/en\/wp-json\/wp\/v2\/product\/12147","targetHints":{"allow":["GET"]}}],"collection":[{"href":"https:\/\/ferruzca.amarilio.net\/en\/wp-json\/wp\/v2\/product"}],"about":[{"href":"https:\/\/ferruzca.amarilio.net\/en\/wp-json\/wp\/v2\/types\/product"}],"replies":[{"embeddable":true,"href":"https:\/\/ferruzca.amarilio.net\/en\/wp-json\/wp\/v2\/comments?post=12147"}],"wp:featuredmedia":[{"embeddable":true,"href":"https:\/\/ferruzca.amarilio.net\/en\/wp-json\/wp\/v2\/media\/14694"}],"wp:attachment":[{"href":"https:\/\/ferruzca.amarilio.net\/en\/wp-json\/wp\/v2\/media?parent=12147"}],"wp:term":[{"taxonomy":"product_brand","embeddable":true,"href":"https:\/\/ferruzca.amarilio.net\/en\/wp-json\/wp\/v2\/product_brand?post=12147"},{"taxonomy":"product_cat","embeddable":true,"href":"https:\/\/ferruzca.amarilio.net\/en\/wp-json\/wp\/v2\/product_cat?post=12147"},{"taxonomy":"product_tag","embeddable":true,"href":"https:\/\/ferruzca.amarilio.net\/en\/wp-json\/wp\/v2\/product_tag?post=12147"}],"curies":[{"name":"wp","href":"https:\/\/api.w.org\/{rel}","templated":true}]}}