{"id":12085,"date":"2026-02-12T22:07:14","date_gmt":"2026-02-12T22:07:14","guid":{"rendered":"https:\/\/ferruzca.amarilio.net\/product\/sor-t7-t7m-x1-120-127va-c-d-c\/"},"modified":"2026-04-08T22:51:06","modified_gmt":"2026-04-08T22:51:06","slug":"sor-t7-t7m-x1-120-127va-c-d-c","status":"publish","type":"product","link":"https:\/\/ferruzca.amarilio.net\/en\/product\/sor-t7-t7m-x1-120-127va-c-d-c\/","title":{"rendered":"SOR T7-T7M-X1 120&#8230;127Va.c.\/d.c."},"content":{"rendered":"<p>ABB ofrece la gama m\u00e1s amplia del mercado de temporizadores electr\u00f3nicos, rel\u00e9s de medici\u00f3n y de monitorizaci\u00f3n, rel\u00e9s de interfaz y fuentes de alimentaci\u00f3n. Principales ventajas: periodo de inactividad y tiempo de puesta en marcha reducidos, ahorro del tiempo destinado a ingenier\u00eda, reducci\u00f3n del tiempo de selecci\u00f3n, selecci\u00f3n e instalaci\u00f3n sencillas.<\/p>","protected":false},"excerpt":{"rendered":"<p>Bobina de apertura SOR T7-T7M-X1 120&#8230;127Va.c.\/d.c.<\/p>","protected":false},"featured_media":14322,"comment_status":"open","ping_status":"closed","template":"","meta":[],"product_brand":[143],"product_cat":[354],"product_tag":[516,517,515,499],"class_list":{"0":"post-12085","1":"product","2":"type-product","3":"status-publish","4":"has-post-thumbnail","6":"product_brand-abb","7":"product_cat-interruptores","8":"product_tag-caja-moldeada","9":"product_tag-distribucion-potencia","10":"product_tag-interruptor","11":"product_tag-tableros","13":"first","14":"instock","15":"shipping-taxable","16":"purchasable","17":"product-type-simple"},"_links":{"self":[{"href":"https:\/\/ferruzca.amarilio.net\/en\/wp-json\/wp\/v2\/product\/12085","targetHints":{"allow":["GET"]}}],"collection":[{"href":"https:\/\/ferruzca.amarilio.net\/en\/wp-json\/wp\/v2\/product"}],"about":[{"href":"https:\/\/ferruzca.amarilio.net\/en\/wp-json\/wp\/v2\/types\/product"}],"replies":[{"embeddable":true,"href":"https:\/\/ferruzca.amarilio.net\/en\/wp-json\/wp\/v2\/comments?post=12085"}],"wp:featuredmedia":[{"embeddable":true,"href":"https:\/\/ferruzca.amarilio.net\/en\/wp-json\/wp\/v2\/media\/14322"}],"wp:attachment":[{"href":"https:\/\/ferruzca.amarilio.net\/en\/wp-json\/wp\/v2\/media?parent=12085"}],"wp:term":[{"taxonomy":"product_brand","embeddable":true,"href":"https:\/\/ferruzca.amarilio.net\/en\/wp-json\/wp\/v2\/product_brand?post=12085"},{"taxonomy":"product_cat","embeddable":true,"href":"https:\/\/ferruzca.amarilio.net\/en\/wp-json\/wp\/v2\/product_cat?post=12085"},{"taxonomy":"product_tag","embeddable":true,"href":"https:\/\/ferruzca.amarilio.net\/en\/wp-json\/wp\/v2\/product_tag?post=12085"}],"curies":[{"name":"wp","href":"https:\/\/api.w.org\/{rel}","templated":true}]}}