{"id":12019,"date":"2026-02-12T22:06:49","date_gmt":"2026-02-12T22:06:49","guid":{"rendered":"https:\/\/ferruzca.amarilio.net\/product\/mkey5-pb-ssh\/"},"modified":"2026-04-08T22:51:03","modified_gmt":"2026-04-08T22:51:03","slug":"mkey5-pb-ssh","status":"publish","type":"product","link":"https:\/\/ferruzca.amarilio.net\/en\/product\/mkey5-pb-ssh\/","title":{"rendered":"MKey5 PB SSH"},"content":{"rendered":"<p>ABB dispone de una amplia familia de contactores: contactores tripolares y rel\u00e9s de sobrecarga para arranque de motores y conmutaci\u00f3n de alimentaci\u00f3n (AF, minicontactores, AS), tetrapolares para conmutar la alimentaci\u00f3n (AF y minicontactores), auxiliares para la conmutaci\u00f3n de circuitos auxiliares (AS y minicontactores), para la conmutaci\u00f3n de condensadores (UA..RA), para la conmutaci\u00f3n de CC (GA y GAF), para aplicaciones ferroviarias, para aplicaciones de seguridad (AFS) y contactores de instalaci\u00f3n (ESB\u2026N).<\/p>","protected":false},"excerpt":{"rendered":"<p>Interlock de seguridad, 2NC\/1NA, cuerpo de pl\u00e1stico, cabeza de acero inoxidable, entradas 3xM20, fuerza de sujeci\u00f3n 12N, llave est\u00e1ndar<\/p>","protected":false},"featured_media":6576,"comment_status":"open","ping_status":"closed","template":"","meta":[],"product_brand":[143],"product_cat":[369],"product_tag":[510,509],"class_list":{"0":"post-12019","1":"product","2":"type-product","3":"status-publish","4":"has-post-thumbnail","6":"product_brand-abb","7":"product_cat-control-y-seguridad","8":"product_tag-interlocks-y-cerrojo","9":"product_tag-sensores","11":"first","12":"instock","13":"sale","14":"shipping-taxable","15":"purchasable","16":"product-type-simple"},"_links":{"self":[{"href":"https:\/\/ferruzca.amarilio.net\/en\/wp-json\/wp\/v2\/product\/12019","targetHints":{"allow":["GET"]}}],"collection":[{"href":"https:\/\/ferruzca.amarilio.net\/en\/wp-json\/wp\/v2\/product"}],"about":[{"href":"https:\/\/ferruzca.amarilio.net\/en\/wp-json\/wp\/v2\/types\/product"}],"replies":[{"embeddable":true,"href":"https:\/\/ferruzca.amarilio.net\/en\/wp-json\/wp\/v2\/comments?post=12019"}],"wp:featuredmedia":[{"embeddable":true,"href":"https:\/\/ferruzca.amarilio.net\/en\/wp-json\/wp\/v2\/media\/6576"}],"wp:attachment":[{"href":"https:\/\/ferruzca.amarilio.net\/en\/wp-json\/wp\/v2\/media?parent=12019"}],"wp:term":[{"taxonomy":"product_brand","embeddable":true,"href":"https:\/\/ferruzca.amarilio.net\/en\/wp-json\/wp\/v2\/product_brand?post=12019"},{"taxonomy":"product_cat","embeddable":true,"href":"https:\/\/ferruzca.amarilio.net\/en\/wp-json\/wp\/v2\/product_cat?post=12019"},{"taxonomy":"product_tag","embeddable":true,"href":"https:\/\/ferruzca.amarilio.net\/en\/wp-json\/wp\/v2\/product_tag?post=12019"}],"curies":[{"name":"wp","href":"https:\/\/api.w.org\/{rel}","templated":true}]}}