{"id":11946,"date":"2026-02-12T22:06:24","date_gmt":"2026-02-12T22:06:24","guid":{"rendered":"https:\/\/ferruzca.amarilio.net\/product\/abbplt53pt-mx\/"},"modified":"2026-04-08T22:51:00","modified_gmt":"2026-04-08T22:51:00","slug":"abbplt53pt-mx","status":"publish","type":"product","link":"https:\/\/ferruzca.amarilio.net\/en\/product\/abbplt53pt-mx\/","title":{"rendered":"ABBPLT53PT-MX"},"content":{"rendered":"<p>El tablero de subdistribuci\u00f3n Panelboard con su dise\u00f1o est\u00e9tico y al mismo tiempo robusto, est\u00e1 dise\u00f1ado con un nuevo sistema pr\u00e1ctico y funcional, disponible en capacidades de 6, 12, 14, 20 y 28 interruptores derivados. Para alojar interruptores termomagn\u00e9ticos de la serie Tmax: XT1, XT3, T4 y T5 trif\u00e1sicos, usando la misma base de montaje dise\u00f1ada por ABB tipo sobreponer. El Tablero PanelBoard est\u00e1 provisto en su versi\u00f3n b\u00e1sica de un marco embellecedor pl\u00e1stico ofreciendo la alternativa de instalar opcionalmente una puerta ciega \u00f3 puerta de vidrio.<\/p>","protected":false},"excerpt":{"rendered":"<p>Conector Trif\u00e1sico para 2 Interruptores Caja Moldeada T5 para Panelboard<\/p>","protected":false},"featured_media":14220,"comment_status":"open","ping_status":"closed","template":"","meta":[],"product_brand":[143],"product_cat":[353],"product_tag":[500,498,501,499],"class_list":{"0":"post-11946","1":"product","2":"type-product","3":"status-publish","4":"has-post-thumbnail","6":"product_brand-abb","7":"product_cat-conectores","8":"product_tag-conectores-para-interruptor","9":"product_tag-gabinetes","10":"product_tag-panelboard","11":"product_tag-tableros","13":"first","14":"instock","15":"shipping-taxable","16":"purchasable","17":"product-type-simple"},"_links":{"self":[{"href":"https:\/\/ferruzca.amarilio.net\/en\/wp-json\/wp\/v2\/product\/11946","targetHints":{"allow":["GET"]}}],"collection":[{"href":"https:\/\/ferruzca.amarilio.net\/en\/wp-json\/wp\/v2\/product"}],"about":[{"href":"https:\/\/ferruzca.amarilio.net\/en\/wp-json\/wp\/v2\/types\/product"}],"replies":[{"embeddable":true,"href":"https:\/\/ferruzca.amarilio.net\/en\/wp-json\/wp\/v2\/comments?post=11946"}],"wp:featuredmedia":[{"embeddable":true,"href":"https:\/\/ferruzca.amarilio.net\/en\/wp-json\/wp\/v2\/media\/14220"}],"wp:attachment":[{"href":"https:\/\/ferruzca.amarilio.net\/en\/wp-json\/wp\/v2\/media?parent=11946"}],"wp:term":[{"taxonomy":"product_brand","embeddable":true,"href":"https:\/\/ferruzca.amarilio.net\/en\/wp-json\/wp\/v2\/product_brand?post=11946"},{"taxonomy":"product_cat","embeddable":true,"href":"https:\/\/ferruzca.amarilio.net\/en\/wp-json\/wp\/v2\/product_cat?post=11946"},{"taxonomy":"product_tag","embeddable":true,"href":"https:\/\/ferruzca.amarilio.net\/en\/wp-json\/wp\/v2\/product_tag?post=11946"}],"curies":[{"name":"wp","href":"https:\/\/api.w.org\/{rel}","templated":true}]}}