{"id":11907,"date":"2026-02-12T22:06:07","date_gmt":"2026-02-12T22:06:07","guid":{"rendered":"https:\/\/ferruzca.amarilio.net\/product\/esb24-40-230ac-dc\/"},"modified":"2026-04-08T22:50:58","modified_gmt":"2026-04-08T22:50:58","slug":"esb24-40-230ac-dc","status":"publish","type":"product","link":"https:\/\/ferruzca.amarilio.net\/en\/product\/esb24-40-230ac-dc\/","title":{"rendered":"ESB24-40-230AC\/DC"},"content":{"rendered":"<p>Con la gama de dispositivos modulares System pro M Compact, podr\u00e1 encontrar una gama completa de productos de la m\u00e1xima calidad, tales como interruptores autom\u00e1ticos, interruptores diferenciales, protectores contra sobretensiones, dispositivos de control, de medici\u00f3n y todo tipo de accesorios.<\/p>","protected":false},"excerpt":{"rendered":"<p>Contactor de instalaci\u00f3n 230AC\/DC<\/p>","protected":false},"featured_media":14710,"comment_status":"open","ping_status":"closed","template":"","meta":[],"product_brand":[143],"product_cat":[368],"product_tag":[489,492,425,491,490],"class_list":{"0":"post-11907","1":"product","2":"type-product","3":"status-publish","4":"has-post-thumbnail","6":"product_brand-abb","7":"product_cat-contactores","8":"product_tag-contactor","9":"product_tag-contactor-de-arranque","10":"product_tag-contactor-modular","11":"product_tag-contactor-relevador-control","12":"product_tag-contactores-de-instalacion","14":"first","15":"instock","16":"shipping-taxable","17":"purchasable","18":"product-type-simple"},"_links":{"self":[{"href":"https:\/\/ferruzca.amarilio.net\/en\/wp-json\/wp\/v2\/product\/11907","targetHints":{"allow":["GET"]}}],"collection":[{"href":"https:\/\/ferruzca.amarilio.net\/en\/wp-json\/wp\/v2\/product"}],"about":[{"href":"https:\/\/ferruzca.amarilio.net\/en\/wp-json\/wp\/v2\/types\/product"}],"replies":[{"embeddable":true,"href":"https:\/\/ferruzca.amarilio.net\/en\/wp-json\/wp\/v2\/comments?post=11907"}],"wp:featuredmedia":[{"embeddable":true,"href":"https:\/\/ferruzca.amarilio.net\/en\/wp-json\/wp\/v2\/media\/14710"}],"wp:attachment":[{"href":"https:\/\/ferruzca.amarilio.net\/en\/wp-json\/wp\/v2\/media?parent=11907"}],"wp:term":[{"taxonomy":"product_brand","embeddable":true,"href":"https:\/\/ferruzca.amarilio.net\/en\/wp-json\/wp\/v2\/product_brand?post=11907"},{"taxonomy":"product_cat","embeddable":true,"href":"https:\/\/ferruzca.amarilio.net\/en\/wp-json\/wp\/v2\/product_cat?post=11907"},{"taxonomy":"product_tag","embeddable":true,"href":"https:\/\/ferruzca.amarilio.net\/en\/wp-json\/wp\/v2\/product_tag?post=11907"}],"curies":[{"name":"wp","href":"https:\/\/api.w.org\/{rel}","templated":true}]}}