{"id":11788,"date":"2026-02-12T22:05:22","date_gmt":"2026-02-12T22:05:22","guid":{"rendered":"https:\/\/ferruzca.amarilio.net\/product\/nfz22e-21\/"},"modified":"2026-04-08T22:50:52","modified_gmt":"2026-04-08T22:50:52","slug":"nfz22e-21","status":"publish","type":"product","link":"https:\/\/ferruzca.amarilio.net\/en\/product\/nfz22e-21\/","title":{"rendered":"NFZ22E-21"},"content":{"rendered":"<p>Los contactores auxiliares NF(Z) se utilizan para la conmutaci\u00f3n de circuitos auxiliares y de control. Tienen un dise\u00f1o en bloque con 4 polos, circuito de control, capacidad de soportar grandes variaciones de tensi\u00f3n de control, Cierre y apertura bien diferenciados, supresor de sobretensi\u00f3n.<\/p>","protected":false},"excerpt":{"rendered":"<p>Contactor auxiliar 4 polos 24-60V50\/60HZ 20-60VDC<\/p>","protected":false},"featured_media":7828,"comment_status":"open","ping_status":"closed","template":"","meta":[],"product_brand":[143],"product_cat":[368],"product_tag":[489,492,425,491,490],"class_list":{"0":"post-11788","1":"product","2":"type-product","3":"status-publish","4":"has-post-thumbnail","6":"product_brand-abb","7":"product_cat-contactores","8":"product_tag-contactor","9":"product_tag-contactor-de-arranque","10":"product_tag-contactor-modular","11":"product_tag-contactor-relevador-control","12":"product_tag-contactores-de-instalacion","14":"first","15":"instock","16":"sale","17":"shipping-taxable","18":"purchasable","19":"product-type-simple"},"_links":{"self":[{"href":"https:\/\/ferruzca.amarilio.net\/en\/wp-json\/wp\/v2\/product\/11788","targetHints":{"allow":["GET"]}}],"collection":[{"href":"https:\/\/ferruzca.amarilio.net\/en\/wp-json\/wp\/v2\/product"}],"about":[{"href":"https:\/\/ferruzca.amarilio.net\/en\/wp-json\/wp\/v2\/types\/product"}],"replies":[{"embeddable":true,"href":"https:\/\/ferruzca.amarilio.net\/en\/wp-json\/wp\/v2\/comments?post=11788"}],"wp:featuredmedia":[{"embeddable":true,"href":"https:\/\/ferruzca.amarilio.net\/en\/wp-json\/wp\/v2\/media\/7828"}],"wp:attachment":[{"href":"https:\/\/ferruzca.amarilio.net\/en\/wp-json\/wp\/v2\/media?parent=11788"}],"wp:term":[{"taxonomy":"product_brand","embeddable":true,"href":"https:\/\/ferruzca.amarilio.net\/en\/wp-json\/wp\/v2\/product_brand?post=11788"},{"taxonomy":"product_cat","embeddable":true,"href":"https:\/\/ferruzca.amarilio.net\/en\/wp-json\/wp\/v2\/product_cat?post=11788"},{"taxonomy":"product_tag","embeddable":true,"href":"https:\/\/ferruzca.amarilio.net\/en\/wp-json\/wp\/v2\/product_tag?post=11788"}],"curies":[{"name":"wp","href":"https:\/\/api.w.org\/{rel}","templated":true}]}}