{"id":11769,"date":"2026-02-12T22:05:15","date_gmt":"2026-02-12T22:05:15","guid":{"rendered":"https:\/\/ferruzca.amarilio.net\/product\/tl240rcu\/"},"modified":"2026-04-08T22:50:51","modified_gmt":"2026-04-08T22:50:51","slug":"tl240rcu","status":"publish","type":"product","link":"https:\/\/ferruzca.amarilio.net\/en\/product\/tl240rcu\/","title":{"rendered":"TL240RCU"},"content":{"rendered":"<p>Dise\u00f1ado para controlar la distribuci\u00f3n de energ\u00eda a trav\u00e9s de la casa. Las caracter\u00edsticas \u00fanicas de los centros de carga PowerMark Gold permiten una ins talaci\u00f3n segura, r\u00e1pida y sencilla. Al mismo tiempo, brindan beneficios en dise\u00f1o, funci\u00f3n y calidad que son intuitivos e impactantes<\/p>","protected":false},"excerpt":{"rendered":"<p>CENTRO DE CARGA POWERMARK GOLD INT. PRINCIPAL 40 A 4 ESPACIOS NEMA 3R<\/p>","protected":false},"featured_media":6533,"comment_status":"open","ping_status":"closed","template":"","meta":[],"product_brand":[143],"product_cat":[367],"product_tag":[488],"class_list":{"0":"post-11769","1":"product","2":"type-product","3":"status-publish","4":"has-post-thumbnail","6":"product_brand-abb","7":"product_cat-centros-de-carga","8":"product_tag-centro-de-carga-enchufable","10":"first","11":"instock","12":"shipping-taxable","13":"purchasable","14":"product-type-simple"},"_links":{"self":[{"href":"https:\/\/ferruzca.amarilio.net\/en\/wp-json\/wp\/v2\/product\/11769","targetHints":{"allow":["GET"]}}],"collection":[{"href":"https:\/\/ferruzca.amarilio.net\/en\/wp-json\/wp\/v2\/product"}],"about":[{"href":"https:\/\/ferruzca.amarilio.net\/en\/wp-json\/wp\/v2\/types\/product"}],"replies":[{"embeddable":true,"href":"https:\/\/ferruzca.amarilio.net\/en\/wp-json\/wp\/v2\/comments?post=11769"}],"wp:featuredmedia":[{"embeddable":true,"href":"https:\/\/ferruzca.amarilio.net\/en\/wp-json\/wp\/v2\/media\/6533"}],"wp:attachment":[{"href":"https:\/\/ferruzca.amarilio.net\/en\/wp-json\/wp\/v2\/media?parent=11769"}],"wp:term":[{"taxonomy":"product_brand","embeddable":true,"href":"https:\/\/ferruzca.amarilio.net\/en\/wp-json\/wp\/v2\/product_brand?post=11769"},{"taxonomy":"product_cat","embeddable":true,"href":"https:\/\/ferruzca.amarilio.net\/en\/wp-json\/wp\/v2\/product_cat?post=11769"},{"taxonomy":"product_tag","embeddable":true,"href":"https:\/\/ferruzca.amarilio.net\/en\/wp-json\/wp\/v2\/product_tag?post=11769"}],"curies":[{"name":"wp","href":"https:\/\/api.w.org\/{rel}","templated":true}]}}