{"id":11725,"date":"2026-02-12T22:04:59","date_gmt":"2026-02-12T22:04:59","guid":{"rendered":"https:\/\/ferruzca.amarilio.net\/product\/thql1150\/"},"modified":"2026-04-08T22:50:48","modified_gmt":"2026-04-08T22:50:48","slug":"thql1150","status":"publish","type":"product","link":"https:\/\/ferruzca.amarilio.net\/en\/product\/thql1150\/","title":{"rendered":"THQL1150"},"content":{"rendered":"<p>Los interruptores autom\u00e1ticos de la l\u00ednea Q son dispositivos termomagn\u00e9ticos compactos de una pulgada de ancho por polo, dise\u00f1ados para aplicaciones residenciales y comerciales. Los interruptores QL son versiones enchufables de la l\u00ednea Q, que se utilizan para la conexi\u00f3n a centros de carga y paneles de iluminaci\u00f3n. Todos los interruptores autom\u00e1ticos de la l\u00ednea Q cuentan con cierre r\u00e1pido.Mecanismos de corte de corriente, barras de disparo comunes e indicaci\u00f3n de disparo f\u00e1cil de localizar para garantizar seguridad y fiabilidad.<\/p>","protected":false},"excerpt":{"rendered":"<p>INTERRUPTOR ENCHUFABLE 1 POLO 50 A<\/p>","protected":false},"featured_media":6528,"comment_status":"open","ping_status":"closed","template":"","meta":[],"product_brand":[143],"product_cat":[367],"product_tag":[487],"class_list":{"0":"post-11725","1":"product","2":"type-product","3":"status-publish","4":"has-post-thumbnail","6":"product_brand-abb","7":"product_cat-centros-de-carga","8":"product_tag-interruptor-enchufable","10":"first","11":"instock","12":"shipping-taxable","13":"purchasable","14":"product-type-simple"},"_links":{"self":[{"href":"https:\/\/ferruzca.amarilio.net\/en\/wp-json\/wp\/v2\/product\/11725","targetHints":{"allow":["GET"]}}],"collection":[{"href":"https:\/\/ferruzca.amarilio.net\/en\/wp-json\/wp\/v2\/product"}],"about":[{"href":"https:\/\/ferruzca.amarilio.net\/en\/wp-json\/wp\/v2\/types\/product"}],"replies":[{"embeddable":true,"href":"https:\/\/ferruzca.amarilio.net\/en\/wp-json\/wp\/v2\/comments?post=11725"}],"wp:featuredmedia":[{"embeddable":true,"href":"https:\/\/ferruzca.amarilio.net\/en\/wp-json\/wp\/v2\/media\/6528"}],"wp:attachment":[{"href":"https:\/\/ferruzca.amarilio.net\/en\/wp-json\/wp\/v2\/media?parent=11725"}],"wp:term":[{"taxonomy":"product_brand","embeddable":true,"href":"https:\/\/ferruzca.amarilio.net\/en\/wp-json\/wp\/v2\/product_brand?post=11725"},{"taxonomy":"product_cat","embeddable":true,"href":"https:\/\/ferruzca.amarilio.net\/en\/wp-json\/wp\/v2\/product_cat?post=11725"},{"taxonomy":"product_tag","embeddable":true,"href":"https:\/\/ferruzca.amarilio.net\/en\/wp-json\/wp\/v2\/product_tag?post=11725"}],"curies":[{"name":"wp","href":"https:\/\/api.w.org\/{rel}","templated":true}]}}