{"id":11719,"date":"2026-02-12T22:04:58","date_gmt":"2026-02-12T22:04:58","guid":{"rendered":"https:\/\/ferruzca.amarilio.net\/product\/xlp1\/"},"modified":"2026-04-08T22:50:48","modified_gmt":"2026-04-08T22:50:48","slug":"xlp1","status":"publish","type":"product","link":"https:\/\/ferruzca.amarilio.net\/en\/product\/xlp1\/","title":{"rendered":"XLP1"},"content":{"rendered":"<p>Ofrece una r\u00e1pida instalaci\u00f3n y una segura extracci\u00f3n del fusible sin necesidad de usar herramientas, dando seguridad al usuario al no tener acceso a partes \u201dvivas\u201d. En Instalaciones como protecci\u00f3n principal de: Contactor, Bancos de<br \/>\nCapacitores, Drives, Arrancadores suaves,  en  Sistemas de Distribuci\u00f3n de<br \/>\nAlumbrado P\u00fablico, etc<\/p>","protected":false},"excerpt":{"rendered":"<p>SECCIONADOR XLP PORTAFUSIBLE 250A NH1<\/p>","protected":false},"featured_media":6591,"comment_status":"open","ping_status":"closed","template":"","meta":[],"product_brand":[143],"product_cat":[347],"product_tag":[486],"class_list":{"0":"post-11719","1":"product","2":"type-product","3":"status-publish","4":"has-post-thumbnail","6":"product_brand-abb","7":"product_cat-distribucion-de-potencia-y-proteccion-electrica","8":"product_tag-seccionador-portafusible","10":"first","11":"instock","12":"sale","13":"shipping-taxable","14":"purchasable","15":"product-type-simple"},"_links":{"self":[{"href":"https:\/\/ferruzca.amarilio.net\/en\/wp-json\/wp\/v2\/product\/11719","targetHints":{"allow":["GET"]}}],"collection":[{"href":"https:\/\/ferruzca.amarilio.net\/en\/wp-json\/wp\/v2\/product"}],"about":[{"href":"https:\/\/ferruzca.amarilio.net\/en\/wp-json\/wp\/v2\/types\/product"}],"replies":[{"embeddable":true,"href":"https:\/\/ferruzca.amarilio.net\/en\/wp-json\/wp\/v2\/comments?post=11719"}],"wp:featuredmedia":[{"embeddable":true,"href":"https:\/\/ferruzca.amarilio.net\/en\/wp-json\/wp\/v2\/media\/6591"}],"wp:attachment":[{"href":"https:\/\/ferruzca.amarilio.net\/en\/wp-json\/wp\/v2\/media?parent=11719"}],"wp:term":[{"taxonomy":"product_brand","embeddable":true,"href":"https:\/\/ferruzca.amarilio.net\/en\/wp-json\/wp\/v2\/product_brand?post=11719"},{"taxonomy":"product_cat","embeddable":true,"href":"https:\/\/ferruzca.amarilio.net\/en\/wp-json\/wp\/v2\/product_cat?post=11719"},{"taxonomy":"product_tag","embeddable":true,"href":"https:\/\/ferruzca.amarilio.net\/en\/wp-json\/wp\/v2\/product_tag?post=11719"}],"curies":[{"name":"wp","href":"https:\/\/api.w.org\/{rel}","templated":true}]}}