{"id":11707,"date":"2026-02-12T22:04:53","date_gmt":"2026-02-12T22:04:53","guid":{"rendered":"https:\/\/ferruzca.amarilio.net\/product\/oxa60u3x4qb\/"},"modified":"2026-04-08T22:50:48","modified_gmt":"2026-04-08T22:50:48","slug":"oxa60u3x4qb","status":"publish","type":"product","link":"https:\/\/ferruzca.amarilio.net\/en\/product\/oxa60u3x4qb\/","title":{"rendered":"OXA60U3X4QB"},"content":{"rendered":"<p>ELa primera transferencia totalmente autom\u00e1tica IEC 60947-6-1, UL1008, todo en uno,  sistema integrado (controlador + transferencia + Monitoreo) , Transici\u00f3n Abierta: I-II, I-O-II,  funci\u00f3n \u201cin-fase monitor\u201d <50ms ( comprobaci\u00f3n de sincronia con diferencial < 3Hz entre fuente 1 y fuente 2).\nVersiones de controlador: Touch, Display LCD, Dipswitch, reduce tiempo de instalaci\u00f3n, Autoconfigurable, autoalimentada, autorango de voltaje (200\u2026480Vac), operaci\u00f3n manual\/autom\u00e1tica, distintos idiomas incluyendo Espa\u00f1ol.\n<\/p>","protected":false},"excerpt":{"rendered":"<p>TRANSFERENCIA AUTOMATICA TRUEONE 60A<\/p>","protected":false},"featured_media":6579,"comment_status":"open","ping_status":"closed","template":"","meta":[],"product_brand":[143],"product_cat":[347],"product_tag":[484],"class_list":{"0":"post-11707","1":"product","2":"type-product","3":"status-publish","4":"has-post-thumbnail","6":"product_brand-abb","7":"product_cat-distribucion-de-potencia-y-proteccion-electrica","8":"product_tag-transferencia-automatica","10":"first","11":"outofstock","12":"shipping-taxable","13":"purchasable","14":"product-type-simple"},"_links":{"self":[{"href":"https:\/\/ferruzca.amarilio.net\/en\/wp-json\/wp\/v2\/product\/11707","targetHints":{"allow":["GET"]}}],"collection":[{"href":"https:\/\/ferruzca.amarilio.net\/en\/wp-json\/wp\/v2\/product"}],"about":[{"href":"https:\/\/ferruzca.amarilio.net\/en\/wp-json\/wp\/v2\/types\/product"}],"replies":[{"embeddable":true,"href":"https:\/\/ferruzca.amarilio.net\/en\/wp-json\/wp\/v2\/comments?post=11707"}],"wp:featuredmedia":[{"embeddable":true,"href":"https:\/\/ferruzca.amarilio.net\/en\/wp-json\/wp\/v2\/media\/6579"}],"wp:attachment":[{"href":"https:\/\/ferruzca.amarilio.net\/en\/wp-json\/wp\/v2\/media?parent=11707"}],"wp:term":[{"taxonomy":"product_brand","embeddable":true,"href":"https:\/\/ferruzca.amarilio.net\/en\/wp-json\/wp\/v2\/product_brand?post=11707"},{"taxonomy":"product_cat","embeddable":true,"href":"https:\/\/ferruzca.amarilio.net\/en\/wp-json\/wp\/v2\/product_cat?post=11707"},{"taxonomy":"product_tag","embeddable":true,"href":"https:\/\/ferruzca.amarilio.net\/en\/wp-json\/wp\/v2\/product_tag?post=11707"}],"curies":[{"name":"wp","href":"https:\/\/api.w.org\/{rel}","templated":true}]}}