{"id":11679,"date":"2026-02-12T22:04:44","date_gmt":"2026-02-12T22:04:44","guid":{"rendered":"https:\/\/ferruzca.amarilio.net\/product\/otp63ba3m\/"},"modified":"2026-04-08T22:50:47","modified_gmt":"2026-04-08T22:50:47","slug":"otp63ba3m","status":"publish","type":"product","link":"https:\/\/ferruzca.amarilio.net\/en\/product\/otp63ba3m\/","title":{"rendered":"OTP63BA3M"},"content":{"rendered":"<p>Esta familia de productos se compone de una gama completa de interruptores seccionadores, interruptores fusibles, interruptores conmutadores, interruptores conmutadores autom\u00e1ticos, interruptores de bypass, desconectadores fusible. Los interruptores de ABB est\u00e1n dise\u00f1ados para un rendimiento flexible y fiable en una amplia variedad de aplicaciones: distribuci\u00f3n de energ\u00eda para edificios residenciales o industriales, HVAC, estaciones de bombeo de agua, centro de datos e instalaciones fotovoltaicas.<\/p>","protected":false},"excerpt":{"rendered":"<p>INTERRUPTOR DE SEGURIDAD EN GABINETE 3 POLOS 63 A<\/p>","protected":false},"featured_media":6708,"comment_status":"open","ping_status":"closed","template":"","meta":[],"product_brand":[143],"product_cat":[347],"product_tag":[480],"class_list":{"0":"post-11679","1":"product","2":"type-product","3":"status-publish","4":"has-post-thumbnail","6":"product_brand-abb","7":"product_cat-distribucion-de-potencia-y-proteccion-electrica","8":"product_tag-desconectador-en-gabinete","10":"first","11":"instock","12":"sale","13":"shipping-taxable","14":"purchasable","15":"product-type-simple"},"_links":{"self":[{"href":"https:\/\/ferruzca.amarilio.net\/en\/wp-json\/wp\/v2\/product\/11679","targetHints":{"allow":["GET"]}}],"collection":[{"href":"https:\/\/ferruzca.amarilio.net\/en\/wp-json\/wp\/v2\/product"}],"about":[{"href":"https:\/\/ferruzca.amarilio.net\/en\/wp-json\/wp\/v2\/types\/product"}],"replies":[{"embeddable":true,"href":"https:\/\/ferruzca.amarilio.net\/en\/wp-json\/wp\/v2\/comments?post=11679"}],"wp:featuredmedia":[{"embeddable":true,"href":"https:\/\/ferruzca.amarilio.net\/en\/wp-json\/wp\/v2\/media\/6708"}],"wp:attachment":[{"href":"https:\/\/ferruzca.amarilio.net\/en\/wp-json\/wp\/v2\/media?parent=11679"}],"wp:term":[{"taxonomy":"product_brand","embeddable":true,"href":"https:\/\/ferruzca.amarilio.net\/en\/wp-json\/wp\/v2\/product_brand?post=11679"},{"taxonomy":"product_cat","embeddable":true,"href":"https:\/\/ferruzca.amarilio.net\/en\/wp-json\/wp\/v2\/product_cat?post=11679"},{"taxonomy":"product_tag","embeddable":true,"href":"https:\/\/ferruzca.amarilio.net\/en\/wp-json\/wp\/v2\/product_tag?post=11679"}],"curies":[{"name":"wp","href":"https:\/\/api.w.org\/{rel}","templated":true}]}}