{"id":11558,"date":"2026-02-12T22:04:02","date_gmt":"2026-02-12T22:04:02","guid":{"rendered":"https:\/\/ferruzca.amarilio.net\/product\/a50qs350-4\/"},"modified":"2026-04-08T22:50:40","modified_gmt":"2026-04-08T22:50:40","slug":"a50qs350-4","status":"publish","type":"product","link":"https:\/\/ferruzca.amarilio.net\/en\/product\/a50qs350-4\/","title":{"rendered":"A50QS350-4"},"content":{"rendered":"<p>Los fusibles A50QS Amp-Trap\u00ae Form 101 surgieron de la necesidad de mejorar el rendimiento general de los fusibles semiconductores en respuesta a los nuevos requisitos de los equipos. El A50QS abarca las mejores caracter\u00edsticas de protecci\u00f3n: menor I2t para proporcionar una mejor protecci\u00f3n a los equipos, mayor vida \u00fatil cuando se somete a cargas c\u00edclicas y menor p\u00e9rdida de vatios. El A50QS es la mejor opci\u00f3n actual para la protecci\u00f3n de equipos din\u00e1micos de estado s\u00f3lido, como variadores de velocidad, inversores, UPS, etc.<\/p>","protected":false},"excerpt":{"rendered":"<p>FUSIBLE DE ACCION RAPIDA 350A 500V<\/p>","protected":false},"featured_media":7088,"comment_status":"open","ping_status":"closed","template":"","meta":[],"product_brand":[127],"product_cat":[366],"product_tag":[452],"class_list":{"0":"post-11558","1":"product","2":"type-product","3":"status-publish","4":"has-post-thumbnail","6":"product_brand-mersen","7":"product_cat-fusibles","8":"product_tag-fusible-accion-rapida","10":"first","11":"instock","12":"sale","13":"shipping-taxable","14":"purchasable","15":"product-type-simple"},"_links":{"self":[{"href":"https:\/\/ferruzca.amarilio.net\/en\/wp-json\/wp\/v2\/product\/11558","targetHints":{"allow":["GET"]}}],"collection":[{"href":"https:\/\/ferruzca.amarilio.net\/en\/wp-json\/wp\/v2\/product"}],"about":[{"href":"https:\/\/ferruzca.amarilio.net\/en\/wp-json\/wp\/v2\/types\/product"}],"replies":[{"embeddable":true,"href":"https:\/\/ferruzca.amarilio.net\/en\/wp-json\/wp\/v2\/comments?post=11558"}],"wp:featuredmedia":[{"embeddable":true,"href":"https:\/\/ferruzca.amarilio.net\/en\/wp-json\/wp\/v2\/media\/7088"}],"wp:attachment":[{"href":"https:\/\/ferruzca.amarilio.net\/en\/wp-json\/wp\/v2\/media?parent=11558"}],"wp:term":[{"taxonomy":"product_brand","embeddable":true,"href":"https:\/\/ferruzca.amarilio.net\/en\/wp-json\/wp\/v2\/product_brand?post=11558"},{"taxonomy":"product_cat","embeddable":true,"href":"https:\/\/ferruzca.amarilio.net\/en\/wp-json\/wp\/v2\/product_cat?post=11558"},{"taxonomy":"product_tag","embeddable":true,"href":"https:\/\/ferruzca.amarilio.net\/en\/wp-json\/wp\/v2\/product_tag?post=11558"}],"curies":[{"name":"wp","href":"https:\/\/api.w.org\/{rel}","templated":true}]}}