{"id":11508,"date":"2026-02-12T22:03:44","date_gmt":"2026-02-12T22:03:44","guid":{"rendered":"https:\/\/ferruzca.amarilio.net\/product\/a4j125\/"},"modified":"2026-04-08T22:50:38","modified_gmt":"2026-04-08T22:50:38","slug":"a4j125","status":"publish","type":"product","link":"https:\/\/ferruzca.amarilio.net\/en\/product\/a4j125\/","title":{"rendered":"A4J125"},"content":{"rendered":"<p>Los fusibles Amp-Trap A4J de acci\u00f3n r\u00e1pida ofrecen una excelente protecci\u00f3n de limitaci\u00f3n de corriente para una amplia variedad de aplicaciones. Sus dimensiones \u00fanicas impiden la sustituci\u00f3n por otros fusibles con menor tensi\u00f3n nominal, capacidad de interrupci\u00f3n o capacidad de limitaci\u00f3n de corriente.<\/p>","protected":false},"excerpt":{"rendered":"<p>FUSIBLE CLASE J (ACCION RAPIDA) 125A 600V<\/p>","protected":false},"featured_media":7023,"comment_status":"open","ping_status":"closed","template":"","meta":[],"product_brand":[127],"product_cat":[366],"product_tag":[452],"class_list":{"0":"post-11508","1":"product","2":"type-product","3":"status-publish","4":"has-post-thumbnail","6":"product_brand-mersen","7":"product_cat-fusibles","8":"product_tag-fusible-accion-rapida","10":"first","11":"instock","12":"sale","13":"shipping-taxable","14":"purchasable","15":"product-type-simple"},"_links":{"self":[{"href":"https:\/\/ferruzca.amarilio.net\/en\/wp-json\/wp\/v2\/product\/11508","targetHints":{"allow":["GET"]}}],"collection":[{"href":"https:\/\/ferruzca.amarilio.net\/en\/wp-json\/wp\/v2\/product"}],"about":[{"href":"https:\/\/ferruzca.amarilio.net\/en\/wp-json\/wp\/v2\/types\/product"}],"replies":[{"embeddable":true,"href":"https:\/\/ferruzca.amarilio.net\/en\/wp-json\/wp\/v2\/comments?post=11508"}],"wp:featuredmedia":[{"embeddable":true,"href":"https:\/\/ferruzca.amarilio.net\/en\/wp-json\/wp\/v2\/media\/7023"}],"wp:attachment":[{"href":"https:\/\/ferruzca.amarilio.net\/en\/wp-json\/wp\/v2\/media?parent=11508"}],"wp:term":[{"taxonomy":"product_brand","embeddable":true,"href":"https:\/\/ferruzca.amarilio.net\/en\/wp-json\/wp\/v2\/product_brand?post=11508"},{"taxonomy":"product_cat","embeddable":true,"href":"https:\/\/ferruzca.amarilio.net\/en\/wp-json\/wp\/v2\/product_cat?post=11508"},{"taxonomy":"product_tag","embeddable":true,"href":"https:\/\/ferruzca.amarilio.net\/en\/wp-json\/wp\/v2\/product_tag?post=11508"}],"curies":[{"name":"wp","href":"https:\/\/api.w.org\/{rel}","templated":true}]}}