{"id":11486,"date":"2026-02-12T22:03:36","date_gmt":"2026-02-12T22:03:36","guid":{"rendered":"https:\/\/ferruzca.amarilio.net\/product\/a480t1e\/"},"modified":"2026-04-08T22:50:37","modified_gmt":"2026-04-08T22:50:37","slug":"a480t1e","status":"publish","type":"product","link":"https:\/\/ferruzca.amarilio.net\/en\/product\/a480t1e\/","title":{"rendered":"A480T1E"},"content":{"rendered":"<p>Los fusibles Mersen PT son fusibles limitadores de corriente con alta capacidad de interrupci\u00f3n, utilizados para la protecci\u00f3n del devanado primario de transformadores de potencial. Son fusibles de casquillo de peque\u00f1o tama\u00f1o y se montan en pinzas est\u00e1ndar. Las corrientes nominales var\u00edan de 0,25 A a 10 A.<\/p>","protected":false},"excerpt":{"rendered":"<p>Fusible para transformador de media tensi\u00f3n, 4800 V CA, 1 A<\/p>","protected":false},"featured_media":7149,"comment_status":"open","ping_status":"closed","template":"","meta":[],"product_brand":[127],"product_cat":[366],"product_tag":[474],"class_list":{"0":"post-11486","1":"product","2":"type-product","3":"status-publish","4":"has-post-thumbnail","6":"product_brand-mersen","7":"product_cat-fusibles","8":"product_tag-fusible-transformador","10":"first","11":"instock","12":"sale","13":"shipping-taxable","14":"purchasable","15":"product-type-simple"},"_links":{"self":[{"href":"https:\/\/ferruzca.amarilio.net\/en\/wp-json\/wp\/v2\/product\/11486","targetHints":{"allow":["GET"]}}],"collection":[{"href":"https:\/\/ferruzca.amarilio.net\/en\/wp-json\/wp\/v2\/product"}],"about":[{"href":"https:\/\/ferruzca.amarilio.net\/en\/wp-json\/wp\/v2\/types\/product"}],"replies":[{"embeddable":true,"href":"https:\/\/ferruzca.amarilio.net\/en\/wp-json\/wp\/v2\/comments?post=11486"}],"wp:featuredmedia":[{"embeddable":true,"href":"https:\/\/ferruzca.amarilio.net\/en\/wp-json\/wp\/v2\/media\/7149"}],"wp:attachment":[{"href":"https:\/\/ferruzca.amarilio.net\/en\/wp-json\/wp\/v2\/media?parent=11486"}],"wp:term":[{"taxonomy":"product_brand","embeddable":true,"href":"https:\/\/ferruzca.amarilio.net\/en\/wp-json\/wp\/v2\/product_brand?post=11486"},{"taxonomy":"product_cat","embeddable":true,"href":"https:\/\/ferruzca.amarilio.net\/en\/wp-json\/wp\/v2\/product_cat?post=11486"},{"taxonomy":"product_tag","embeddable":true,"href":"https:\/\/ferruzca.amarilio.net\/en\/wp-json\/wp\/v2\/product_tag?post=11486"}],"curies":[{"name":"wp","href":"https:\/\/api.w.org\/{rel}","templated":true}]}}