{"id":11485,"date":"2026-02-12T22:03:36","date_gmt":"2026-02-12T22:03:36","guid":{"rendered":"https:\/\/ferruzca.amarilio.net\/product\/a480r5r-1\/"},"modified":"2026-04-08T22:50:37","modified_gmt":"2026-04-08T22:50:37","slug":"a480r5r-1","status":"publish","type":"product","link":"https:\/\/ferruzca.amarilio.net\/en\/product\/a480r5r-1\/","title":{"rendered":"A480R5R-1"},"content":{"rendered":"<p>Los fusibles Mersen con clasificaci\u00f3n R son fusibles limitadores de corriente y alta capacidad de interrupci\u00f3n, dise\u00f1ados para la protecci\u00f3n contra cortocircuitos de motores y controladores de media tensi\u00f3n. Son fusibles de respaldo con una capacidad de interrupci\u00f3n m\u00ednima y deben coordinarse con los rel\u00e9s de sobrecarga en los arrancadores de motor combinados. El fabricante del arrancador de motor generalmente especifica el tama\u00f1o de los fusibles con clasificaci\u00f3n R.<\/p>","protected":false},"excerpt":{"rendered":"<p>FUSIBLE LIMITADOR DE CORRIENTE 150AMP 4.8kV CLASE R<\/p>","protected":false},"featured_media":7147,"comment_status":"open","ping_status":"closed","template":"","meta":[],"product_brand":[127],"product_cat":[366],"product_tag":[473],"class_list":{"0":"post-11485","1":"product","2":"type-product","3":"status-publish","4":"has-post-thumbnail","6":"product_brand-mersen","7":"product_cat-fusibles","8":"product_tag-fusible-media-tension","10":"first","11":"instock","12":"sale","13":"shipping-taxable","14":"purchasable","15":"product-type-simple"},"_links":{"self":[{"href":"https:\/\/ferruzca.amarilio.net\/en\/wp-json\/wp\/v2\/product\/11485","targetHints":{"allow":["GET"]}}],"collection":[{"href":"https:\/\/ferruzca.amarilio.net\/en\/wp-json\/wp\/v2\/product"}],"about":[{"href":"https:\/\/ferruzca.amarilio.net\/en\/wp-json\/wp\/v2\/types\/product"}],"replies":[{"embeddable":true,"href":"https:\/\/ferruzca.amarilio.net\/en\/wp-json\/wp\/v2\/comments?post=11485"}],"wp:featuredmedia":[{"embeddable":true,"href":"https:\/\/ferruzca.amarilio.net\/en\/wp-json\/wp\/v2\/media\/7147"}],"wp:attachment":[{"href":"https:\/\/ferruzca.amarilio.net\/en\/wp-json\/wp\/v2\/media?parent=11485"}],"wp:term":[{"taxonomy":"product_brand","embeddable":true,"href":"https:\/\/ferruzca.amarilio.net\/en\/wp-json\/wp\/v2\/product_brand?post=11485"},{"taxonomy":"product_cat","embeddable":true,"href":"https:\/\/ferruzca.amarilio.net\/en\/wp-json\/wp\/v2\/product_cat?post=11485"},{"taxonomy":"product_tag","embeddable":true,"href":"https:\/\/ferruzca.amarilio.net\/en\/wp-json\/wp\/v2\/product_tag?post=11485"}],"curies":[{"name":"wp","href":"https:\/\/api.w.org\/{rel}","templated":true}]}}