{"id":11466,"date":"2026-02-12T22:03:26","date_gmt":"2026-02-12T22:03:26","guid":{"rendered":"https:\/\/ferruzca.amarilio.net\/product\/65p04x12-2\/"},"modified":"2026-04-08T22:50:30","modified_gmt":"2026-04-08T22:50:30","slug":"65p04x12-2","status":"publish","type":"product","link":"https:\/\/ferruzca.amarilio.net\/en\/product\/65p04x12-2\/","title":{"rendered":"65P04X12"},"content":{"rendered":"<p>Gabinetes Modulares utilizados para alojar toda la gama System pro M compact para Distribuci\u00f3n de Potencia y Control. Con una capacidad desde 2 hasta 216 m\u00f3dulos y hasta 400 A. Opciones sin puerta y con puerta; para sobreponer y empotrar. Con Grados de Protecci\u00f3n IP 40, IP 55 e IP 66.<\/p>","protected":false},"excerpt":{"rendered":"<p>Gabinete MISTRAL IP65, 4 M\u00f3dulos, 1F<\/p>","protected":false},"featured_media":7875,"comment_status":"open","ping_status":"closed","template":"","meta":[],"product_brand":[143],"product_cat":[358],"product_tag":[471],"class_list":{"0":"post-11466","1":"product","2":"type-product","3":"status-publish","4":"has-post-thumbnail","6":"product_brand-abb","7":"product_cat-gabinetes","8":"product_tag-gabinetes-modulares","10":"first","11":"instock","12":"sale","13":"shipping-taxable","14":"purchasable","15":"product-type-simple"},"_links":{"self":[{"href":"https:\/\/ferruzca.amarilio.net\/en\/wp-json\/wp\/v2\/product\/11466","targetHints":{"allow":["GET"]}}],"collection":[{"href":"https:\/\/ferruzca.amarilio.net\/en\/wp-json\/wp\/v2\/product"}],"about":[{"href":"https:\/\/ferruzca.amarilio.net\/en\/wp-json\/wp\/v2\/types\/product"}],"replies":[{"embeddable":true,"href":"https:\/\/ferruzca.amarilio.net\/en\/wp-json\/wp\/v2\/comments?post=11466"}],"wp:featuredmedia":[{"embeddable":true,"href":"https:\/\/ferruzca.amarilio.net\/en\/wp-json\/wp\/v2\/media\/7875"}],"wp:attachment":[{"href":"https:\/\/ferruzca.amarilio.net\/en\/wp-json\/wp\/v2\/media?parent=11466"}],"wp:term":[{"taxonomy":"product_brand","embeddable":true,"href":"https:\/\/ferruzca.amarilio.net\/en\/wp-json\/wp\/v2\/product_brand?post=11466"},{"taxonomy":"product_cat","embeddable":true,"href":"https:\/\/ferruzca.amarilio.net\/en\/wp-json\/wp\/v2\/product_cat?post=11466"},{"taxonomy":"product_tag","embeddable":true,"href":"https:\/\/ferruzca.amarilio.net\/en\/wp-json\/wp\/v2\/product_tag?post=11466"}],"curies":[{"name":"wp","href":"https:\/\/api.w.org\/{rel}","templated":true}]}}