{"id":11429,"date":"2026-02-12T22:03:13","date_gmt":"2026-02-12T22:03:13","guid":{"rendered":"https:\/\/ferruzca.amarilio.net\/product\/ib132-g\/"},"modified":"2026-04-08T22:50:28","modified_gmt":"2026-04-08T22:50:28","slug":"ib132-g","status":"publish","type":"product","link":"https:\/\/ferruzca.amarilio.net\/en\/product\/ib132-g\/","title":{"rendered":"IB132-G"},"content":{"rendered":"<p>Las combinaciones de arrancadores est\u00e1n equipadas con contactores. Los equipos disponen de control manual \/ protecci\u00f3n contra corrientes de cortocircuito y sobrecargas, el ajuste de corriente es regulable para la protecci\u00f3n de la carga y la indicaci\u00f3n de disparo magn\u00e9tico, dispone de funci\u00f3n de desconexi\u00f3n, de compensaci\u00f3n de la temperatura, control remoto mediante el desenganche a tensi\u00f3n m\u00ednima y el disparo en derivaci\u00f3n y poder de ruptura de cortocircuito (Ics) hasta 100 kA.<\/p>","protected":false},"excerpt":{"rendered":"<p>Caja Ip65 G\/n P\/ms132 Abb<\/p>","protected":false},"featured_media":7826,"comment_status":"open","ping_status":"closed","template":"","meta":[],"product_brand":[143],"product_cat":[362],"product_tag":[468],"class_list":{"0":"post-11429","1":"product","2":"type-product","3":"status-publish","4":"has-post-thumbnail","6":"product_brand-abb","7":"product_cat-guardamotores","8":"product_tag-guardamotores","10":"first","11":"instock","12":"sale","13":"shipping-taxable","14":"purchasable","15":"product-type-simple"},"_links":{"self":[{"href":"https:\/\/ferruzca.amarilio.net\/en\/wp-json\/wp\/v2\/product\/11429","targetHints":{"allow":["GET"]}}],"collection":[{"href":"https:\/\/ferruzca.amarilio.net\/en\/wp-json\/wp\/v2\/product"}],"about":[{"href":"https:\/\/ferruzca.amarilio.net\/en\/wp-json\/wp\/v2\/types\/product"}],"replies":[{"embeddable":true,"href":"https:\/\/ferruzca.amarilio.net\/en\/wp-json\/wp\/v2\/comments?post=11429"}],"wp:featuredmedia":[{"embeddable":true,"href":"https:\/\/ferruzca.amarilio.net\/en\/wp-json\/wp\/v2\/media\/7826"}],"wp:attachment":[{"href":"https:\/\/ferruzca.amarilio.net\/en\/wp-json\/wp\/v2\/media?parent=11429"}],"wp:term":[{"taxonomy":"product_brand","embeddable":true,"href":"https:\/\/ferruzca.amarilio.net\/en\/wp-json\/wp\/v2\/product_brand?post=11429"},{"taxonomy":"product_cat","embeddable":true,"href":"https:\/\/ferruzca.amarilio.net\/en\/wp-json\/wp\/v2\/product_cat?post=11429"},{"taxonomy":"product_tag","embeddable":true,"href":"https:\/\/ferruzca.amarilio.net\/en\/wp-json\/wp\/v2\/product_tag?post=11429"}],"curies":[{"name":"wp","href":"https:\/\/api.w.org\/{rel}","templated":true}]}}