{"id":11423,"date":"2026-02-12T22:03:05","date_gmt":"2026-02-12T22:03:05","guid":{"rendered":"https:\/\/ferruzca.amarilio.net\/product\/no-de-parte-264-106\/"},"modified":"2026-04-08T22:50:21","modified_gmt":"2026-04-08T22:50:21","slug":"no-de-parte-264-106","status":"publish","type":"product","link":"https:\/\/ferruzca.amarilio.net\/en\/product\/no-de-parte-264-106\/","title":{"rendered":"NO. DE PARTE 264-106"},"content":{"rendered":"<p>Esta borna de paso garantiza conexiones r\u00e1pidas y sencillas, permite conectar conductores el\u00e9ctricos de forma r\u00e1pida y segura.<\/p>","protected":false},"excerpt":{"rendered":"<p>Regleta de clemas para 2 conductores; sin teclas; con bridas de fijaci\u00f3n; 6 polos, Orificio de fijaci\u00f3n \u00d8 3,2 mm; 2,5 mm\u00b2; gris, CAGE CLAMP<\/p>","protected":false},"featured_media":7898,"comment_status":"open","ping_status":"closed","template":"","meta":[],"product_brand":[207],"product_cat":[361],"product_tag":[454],"class_list":{"0":"post-11423","1":"product","2":"type-product","3":"status-publish","4":"has-post-thumbnail","6":"product_brand-wago","7":"product_cat-conexion-rapida","8":"product_tag-clema","10":"first","11":"instock","12":"shipping-taxable","13":"product-type-simple"},"_links":{"self":[{"href":"https:\/\/ferruzca.amarilio.net\/en\/wp-json\/wp\/v2\/product\/11423","targetHints":{"allow":["GET"]}}],"collection":[{"href":"https:\/\/ferruzca.amarilio.net\/en\/wp-json\/wp\/v2\/product"}],"about":[{"href":"https:\/\/ferruzca.amarilio.net\/en\/wp-json\/wp\/v2\/types\/product"}],"replies":[{"embeddable":true,"href":"https:\/\/ferruzca.amarilio.net\/en\/wp-json\/wp\/v2\/comments?post=11423"}],"wp:featuredmedia":[{"embeddable":true,"href":"https:\/\/ferruzca.amarilio.net\/en\/wp-json\/wp\/v2\/media\/7898"}],"wp:attachment":[{"href":"https:\/\/ferruzca.amarilio.net\/en\/wp-json\/wp\/v2\/media?parent=11423"}],"wp:term":[{"taxonomy":"product_brand","embeddable":true,"href":"https:\/\/ferruzca.amarilio.net\/en\/wp-json\/wp\/v2\/product_brand?post=11423"},{"taxonomy":"product_cat","embeddable":true,"href":"https:\/\/ferruzca.amarilio.net\/en\/wp-json\/wp\/v2\/product_cat?post=11423"},{"taxonomy":"product_tag","embeddable":true,"href":"https:\/\/ferruzca.amarilio.net\/en\/wp-json\/wp\/v2\/product_tag?post=11423"}],"curies":[{"name":"wp","href":"https:\/\/api.w.org\/{rel}","templated":true}]}}