{"id":11419,"date":"2026-02-12T22:03:03","date_gmt":"2026-02-12T22:03:03","guid":{"rendered":"https:\/\/ferruzca.amarilio.net\/product\/no-de-parte-249-116\/"},"modified":"2026-04-08T22:50:21","modified_gmt":"2026-04-08T22:50:21","slug":"no-de-parte-249-116","status":"publish","type":"product","link":"https:\/\/ferruzca.amarilio.net\/en\/product\/no-de-parte-249-116\/","title":{"rendered":"NO. DE PARTE 249-116"},"content":{"rendered":"<p>El montaje del nuevo tope final sin tornillo de WAGO es tan sencillo y r\u00e1pido como encajar una borna WAGO en el carril. Su dise\u00f1o sin herramientas permite bloquear las bornas de forma segura y econ\u00f3mica frente a cualquier movimiento en todos los carriles<\/p>","protected":false},"excerpt":{"rendered":"<p>Tope de cierre sin tornillos; Ancho 6 mm; gris<\/p>","protected":false},"featured_media":7895,"comment_status":"open","ping_status":"closed","template":"","meta":[],"product_brand":[207],"product_cat":[361],"product_tag":[454],"class_list":{"0":"post-11419","1":"product","2":"type-product","3":"status-publish","4":"has-post-thumbnail","6":"product_brand-wago","7":"product_cat-conexion-rapida","8":"product_tag-clema","10":"first","11":"instock","12":"sale","13":"shipping-taxable","14":"purchasable","15":"product-type-simple"},"_links":{"self":[{"href":"https:\/\/ferruzca.amarilio.net\/en\/wp-json\/wp\/v2\/product\/11419","targetHints":{"allow":["GET"]}}],"collection":[{"href":"https:\/\/ferruzca.amarilio.net\/en\/wp-json\/wp\/v2\/product"}],"about":[{"href":"https:\/\/ferruzca.amarilio.net\/en\/wp-json\/wp\/v2\/types\/product"}],"replies":[{"embeddable":true,"href":"https:\/\/ferruzca.amarilio.net\/en\/wp-json\/wp\/v2\/comments?post=11419"}],"wp:featuredmedia":[{"embeddable":true,"href":"https:\/\/ferruzca.amarilio.net\/en\/wp-json\/wp\/v2\/media\/7895"}],"wp:attachment":[{"href":"https:\/\/ferruzca.amarilio.net\/en\/wp-json\/wp\/v2\/media?parent=11419"}],"wp:term":[{"taxonomy":"product_brand","embeddable":true,"href":"https:\/\/ferruzca.amarilio.net\/en\/wp-json\/wp\/v2\/product_brand?post=11419"},{"taxonomy":"product_cat","embeddable":true,"href":"https:\/\/ferruzca.amarilio.net\/en\/wp-json\/wp\/v2\/product_cat?post=11419"},{"taxonomy":"product_tag","embeddable":true,"href":"https:\/\/ferruzca.amarilio.net\/en\/wp-json\/wp\/v2\/product_tag?post=11419"}],"curies":[{"name":"wp","href":"https:\/\/api.w.org\/{rel}","templated":true}]}}