{"id":11375,"date":"2026-02-12T22:02:47","date_gmt":"2026-02-12T22:02:47","guid":{"rendered":"https:\/\/ferruzca.amarilio.net\/product\/no-de-parte-211-811\/"},"modified":"2026-04-08T22:50:18","modified_gmt":"2026-04-08T22:50:18","slug":"no-de-parte-211-811","status":"publish","type":"product","link":"https:\/\/ferruzca.amarilio.net\/en\/product\/no-de-parte-211-811\/","title":{"rendered":"NO. DE PARTE 211-811"},"content":{"rendered":"<p>Marcar gabinetes de control es f\u00e1cil con Wago Smart Data desde el dise\u00f1o al proyecto terminado, ofreciendo la opci\u00f3n de diferentes sistemas de marcaje. <\/p>","protected":false},"excerpt":{"rendered":"<p>Etiqueta de inserci\u00f3n; para SmartPrinter; para uso en manguitos; 12mm de longitud<\/p>","protected":false},"featured_media":7722,"comment_status":"open","ping_status":"closed","template":"","meta":[],"product_brand":[207],"product_cat":[361],"product_tag":[454],"class_list":{"0":"post-11375","1":"product","2":"type-product","3":"status-publish","4":"has-post-thumbnail","6":"product_brand-wago","7":"product_cat-conexion-rapida","8":"product_tag-clema","10":"first","11":"outofstock","12":"sale","13":"shipping-taxable","14":"purchasable","15":"product-type-simple"},"_links":{"self":[{"href":"https:\/\/ferruzca.amarilio.net\/en\/wp-json\/wp\/v2\/product\/11375","targetHints":{"allow":["GET"]}}],"collection":[{"href":"https:\/\/ferruzca.amarilio.net\/en\/wp-json\/wp\/v2\/product"}],"about":[{"href":"https:\/\/ferruzca.amarilio.net\/en\/wp-json\/wp\/v2\/types\/product"}],"replies":[{"embeddable":true,"href":"https:\/\/ferruzca.amarilio.net\/en\/wp-json\/wp\/v2\/comments?post=11375"}],"wp:featuredmedia":[{"embeddable":true,"href":"https:\/\/ferruzca.amarilio.net\/en\/wp-json\/wp\/v2\/media\/7722"}],"wp:attachment":[{"href":"https:\/\/ferruzca.amarilio.net\/en\/wp-json\/wp\/v2\/media?parent=11375"}],"wp:term":[{"taxonomy":"product_brand","embeddable":true,"href":"https:\/\/ferruzca.amarilio.net\/en\/wp-json\/wp\/v2\/product_brand?post=11375"},{"taxonomy":"product_cat","embeddable":true,"href":"https:\/\/ferruzca.amarilio.net\/en\/wp-json\/wp\/v2\/product_cat?post=11375"},{"taxonomy":"product_tag","embeddable":true,"href":"https:\/\/ferruzca.amarilio.net\/en\/wp-json\/wp\/v2\/product_tag?post=11375"}],"curies":[{"name":"wp","href":"https:\/\/api.w.org\/{rel}","templated":true}]}}