{"id":11068,"date":"2026-02-12T22:01:01","date_gmt":"2026-02-12T22:01:01","guid":{"rendered":"https:\/\/ferruzca.amarilio.net\/product\/atqr1\/"},"modified":"2026-04-08T22:49:39","modified_gmt":"2026-04-08T22:49:39","slug":"atqr1","status":"publish","type":"product","link":"https:\/\/ferruzca.amarilio.net\/en\/product\/atqr1\/","title":{"rendered":"ATQR1"},"content":{"rendered":"<p>Los fusibles ATQR presentan caracter\u00edsticas de retardo, ideales para las altas corrientes de entrada de transformadores de control, solenoides y cargas inductivas similares. Los fusibles ATQR Amp-Trap 2000 de Mersen ofrecen una protecci\u00f3n superior para los circuitos derivados de los sistemas de distribuci\u00f3n el\u00e9ctrica.<\/p>","protected":false},"excerpt":{"rendered":"<p>FUSIBLE DE ACCION RETARDADA TIPO CC 1A 600V<\/p>","protected":false},"featured_media":7324,"comment_status":"open","ping_status":"closed","template":"","meta":[],"product_brand":[127],"product_cat":[366],"product_tag":[405],"class_list":{"0":"post-11068","1":"product","2":"type-product","3":"status-publish","4":"has-post-thumbnail","6":"product_brand-mersen","7":"product_cat-fusibles","8":"product_tag-fusible-de-retardo","10":"first","11":"instock","12":"sale","13":"shipping-taxable","14":"purchasable","15":"product-type-simple"},"_links":{"self":[{"href":"https:\/\/ferruzca.amarilio.net\/en\/wp-json\/wp\/v2\/product\/11068","targetHints":{"allow":["GET"]}}],"collection":[{"href":"https:\/\/ferruzca.amarilio.net\/en\/wp-json\/wp\/v2\/product"}],"about":[{"href":"https:\/\/ferruzca.amarilio.net\/en\/wp-json\/wp\/v2\/types\/product"}],"replies":[{"embeddable":true,"href":"https:\/\/ferruzca.amarilio.net\/en\/wp-json\/wp\/v2\/comments?post=11068"}],"wp:featuredmedia":[{"embeddable":true,"href":"https:\/\/ferruzca.amarilio.net\/en\/wp-json\/wp\/v2\/media\/7324"}],"wp:attachment":[{"href":"https:\/\/ferruzca.amarilio.net\/en\/wp-json\/wp\/v2\/media?parent=11068"}],"wp:term":[{"taxonomy":"product_brand","embeddable":true,"href":"https:\/\/ferruzca.amarilio.net\/en\/wp-json\/wp\/v2\/product_brand?post=11068"},{"taxonomy":"product_cat","embeddable":true,"href":"https:\/\/ferruzca.amarilio.net\/en\/wp-json\/wp\/v2\/product_cat?post=11068"},{"taxonomy":"product_tag","embeddable":true,"href":"https:\/\/ferruzca.amarilio.net\/en\/wp-json\/wp\/v2\/product_tag?post=11068"}],"curies":[{"name":"wp","href":"https:\/\/api.w.org\/{rel}","templated":true}]}}