{"id":11061,"date":"2026-02-12T22:00:58","date_gmt":"2026-02-12T22:00:58","guid":{"rendered":"https:\/\/ferruzca.amarilio.net\/product\/atmr4\/"},"modified":"2026-04-08T22:49:38","modified_gmt":"2026-04-08T22:49:38","slug":"atmr4","status":"publish","type":"product","link":"https:\/\/ferruzca.amarilio.net\/en\/product\/atmr4\/","title":{"rendered":"ATMR4"},"content":{"rendered":"<p>Los fusibles de acci\u00f3n r\u00e1pida ATMR Amp-Trap son los fusibles de 600 V de menor tama\u00f1o, adecuados para la protecci\u00f3n de circuitos derivados. El ATMR es una opci\u00f3n popular para la protecci\u00f3n econ\u00f3mica de circuitos de control y transformadores de circuitos de control donde las corrientes de cortocircuito disponibles superan los 10 000 amperios.<\/p>","protected":false},"excerpt":{"rendered":"<p>FUSIBLE ACCION RAPIDA 4A 600V<\/p>","protected":false},"featured_media":7249,"comment_status":"open","ping_status":"closed","template":"","meta":[],"product_brand":[127],"product_cat":[366],"product_tag":[452],"class_list":{"0":"post-11061","1":"product","2":"type-product","3":"status-publish","4":"has-post-thumbnail","6":"product_brand-mersen","7":"product_cat-fusibles","8":"product_tag-fusible-accion-rapida","10":"first","11":"instock","12":"sale","13":"shipping-taxable","14":"purchasable","15":"product-type-simple"},"_links":{"self":[{"href":"https:\/\/ferruzca.amarilio.net\/en\/wp-json\/wp\/v2\/product\/11061","targetHints":{"allow":["GET"]}}],"collection":[{"href":"https:\/\/ferruzca.amarilio.net\/en\/wp-json\/wp\/v2\/product"}],"about":[{"href":"https:\/\/ferruzca.amarilio.net\/en\/wp-json\/wp\/v2\/types\/product"}],"replies":[{"embeddable":true,"href":"https:\/\/ferruzca.amarilio.net\/en\/wp-json\/wp\/v2\/comments?post=11061"}],"wp:featuredmedia":[{"embeddable":true,"href":"https:\/\/ferruzca.amarilio.net\/en\/wp-json\/wp\/v2\/media\/7249"}],"wp:attachment":[{"href":"https:\/\/ferruzca.amarilio.net\/en\/wp-json\/wp\/v2\/media?parent=11061"}],"wp:term":[{"taxonomy":"product_brand","embeddable":true,"href":"https:\/\/ferruzca.amarilio.net\/en\/wp-json\/wp\/v2\/product_brand?post=11061"},{"taxonomy":"product_cat","embeddable":true,"href":"https:\/\/ferruzca.amarilio.net\/en\/wp-json\/wp\/v2\/product_cat?post=11061"},{"taxonomy":"product_tag","embeddable":true,"href":"https:\/\/ferruzca.amarilio.net\/en\/wp-json\/wp\/v2\/product_tag?post=11061"}],"curies":[{"name":"wp","href":"https:\/\/api.w.org\/{rel}","templated":true}]}}