{"id":11027,"date":"2026-02-12T22:00:45","date_gmt":"2026-02-12T22:00:45","guid":{"rendered":"https:\/\/ferruzca.amarilio.net\/product\/atm10\/"},"modified":"2026-04-08T22:49:36","modified_gmt":"2026-04-08T22:49:36","slug":"atm10","status":"publish","type":"product","link":"https:\/\/ferruzca.amarilio.net\/en\/product\/atm10\/","title":{"rendered":"ATM10"},"content":{"rendered":"<p>Los fusibles ATM de acci\u00f3n r\u00e1pida Amp-Trap\u00ae midget tienen una clasificaci\u00f3n de 600 voltios CA y CC, con una capacidad de interrupci\u00f3n de 100 kA. Estas clasificaciones ofrecen al ATM una amplia gama de aplicaciones que otros fusibles midget no cubren. Estos fusibles ATM deben considerarse fusibles de 30 A debido a sus dimensiones, pero son capaces de soportar corrientes de entrada mucho m\u00e1s altas y ciclos de trabajo m\u00e1s rigurosos. (No aptos para protecci\u00f3n de circuitos derivados).<\/p>","protected":false},"excerpt":{"rendered":"<p>FUSIBLE DE ACCION RAPIDA 10A 600V<\/p>","protected":false},"featured_media":7244,"comment_status":"open","ping_status":"closed","template":"","meta":[],"product_brand":[127],"product_cat":[366],"product_tag":[452],"class_list":{"0":"post-11027","1":"product","2":"type-product","3":"status-publish","4":"has-post-thumbnail","6":"product_brand-mersen","7":"product_cat-fusibles","8":"product_tag-fusible-accion-rapida","10":"first","11":"instock","12":"sale","13":"shipping-taxable","14":"purchasable","15":"product-type-simple"},"_links":{"self":[{"href":"https:\/\/ferruzca.amarilio.net\/en\/wp-json\/wp\/v2\/product\/11027","targetHints":{"allow":["GET"]}}],"collection":[{"href":"https:\/\/ferruzca.amarilio.net\/en\/wp-json\/wp\/v2\/product"}],"about":[{"href":"https:\/\/ferruzca.amarilio.net\/en\/wp-json\/wp\/v2\/types\/product"}],"replies":[{"embeddable":true,"href":"https:\/\/ferruzca.amarilio.net\/en\/wp-json\/wp\/v2\/comments?post=11027"}],"wp:featuredmedia":[{"embeddable":true,"href":"https:\/\/ferruzca.amarilio.net\/en\/wp-json\/wp\/v2\/media\/7244"}],"wp:attachment":[{"href":"https:\/\/ferruzca.amarilio.net\/en\/wp-json\/wp\/v2\/media?parent=11027"}],"wp:term":[{"taxonomy":"product_brand","embeddable":true,"href":"https:\/\/ferruzca.amarilio.net\/en\/wp-json\/wp\/v2\/product_brand?post=11027"},{"taxonomy":"product_cat","embeddable":true,"href":"https:\/\/ferruzca.amarilio.net\/en\/wp-json\/wp\/v2\/product_cat?post=11027"},{"taxonomy":"product_tag","embeddable":true,"href":"https:\/\/ferruzca.amarilio.net\/en\/wp-json\/wp\/v2\/product_tag?post=11027"}],"curies":[{"name":"wp","href":"https:\/\/api.w.org\/{rel}","templated":true}]}}