{"id":11024,"date":"2026-02-12T22:00:44","date_gmt":"2026-02-12T22:00:44","guid":{"rendered":"https:\/\/ferruzca.amarilio.net\/product\/no-de-parte-9d-01-5-250-0111\/"},"modified":"2026-04-08T22:49:35","modified_gmt":"2026-04-08T22:49:35","slug":"no-de-parte-9d-01-5-250-0111","status":"publish","type":"product","link":"https:\/\/ferruzca.amarilio.net\/en\/product\/no-de-parte-9d-01-5-250-0111\/","title":{"rendered":"NO. DE PARTE 9D.01.5.250.0111"},"content":{"rendered":"<p>Bloque de distribuci\u00f3n para armarios el\u00e9ctricos, cubierta a presi\u00f3n reversible, montaje en carril de 35 mm. Kit de marcado listo para usar suministrado con cada bloque.<\/p>","protected":false},"excerpt":{"rendered":"<p>Bloque de distribuci\u00f3n; 1 input; 11 output; 250A<\/p>","protected":false},"featured_media":6729,"comment_status":"open","ping_status":"closed","template":"","meta":[],"product_brand":[171],"product_cat":[361],"product_tag":[451],"class_list":{"0":"post-11024","1":"product","2":"type-product","3":"status-publish","4":"has-post-thumbnail","6":"product_brand-finder","7":"product_cat-conexion-rapida","8":"product_tag-bloque-distribucion","10":"first","11":"instock","12":"sale","13":"shipping-taxable","14":"purchasable","15":"product-type-simple"},"_links":{"self":[{"href":"https:\/\/ferruzca.amarilio.net\/en\/wp-json\/wp\/v2\/product\/11024","targetHints":{"allow":["GET"]}}],"collection":[{"href":"https:\/\/ferruzca.amarilio.net\/en\/wp-json\/wp\/v2\/product"}],"about":[{"href":"https:\/\/ferruzca.amarilio.net\/en\/wp-json\/wp\/v2\/types\/product"}],"replies":[{"embeddable":true,"href":"https:\/\/ferruzca.amarilio.net\/en\/wp-json\/wp\/v2\/comments?post=11024"}],"wp:featuredmedia":[{"embeddable":true,"href":"https:\/\/ferruzca.amarilio.net\/en\/wp-json\/wp\/v2\/media\/6729"}],"wp:attachment":[{"href":"https:\/\/ferruzca.amarilio.net\/en\/wp-json\/wp\/v2\/media?parent=11024"}],"wp:term":[{"taxonomy":"product_brand","embeddable":true,"href":"https:\/\/ferruzca.amarilio.net\/en\/wp-json\/wp\/v2\/product_brand?post=11024"},{"taxonomy":"product_cat","embeddable":true,"href":"https:\/\/ferruzca.amarilio.net\/en\/wp-json\/wp\/v2\/product_cat?post=11024"},{"taxonomy":"product_tag","embeddable":true,"href":"https:\/\/ferruzca.amarilio.net\/en\/wp-json\/wp\/v2\/product_tag?post=11024"}],"curies":[{"name":"wp","href":"https:\/\/api.w.org\/{rel}","templated":true}]}}