{"id":11019,"date":"2026-02-12T22:00:42","date_gmt":"2026-02-12T22:00:42","guid":{"rendered":"https:\/\/ferruzca.amarilio.net\/product\/no-de-parte-99-02-0-230-98\/"},"modified":"2026-04-08T22:49:35","modified_gmt":"2026-04-08T22:49:35","slug":"no-de-parte-99-02-0-230-98","status":"publish","type":"product","link":"https:\/\/ferruzca.amarilio.net\/en\/product\/no-de-parte-99-02-0-230-98\/","title":{"rendered":"NO. DE PARTE 99.02.0.230.98"},"content":{"rendered":"<p>M\u00f3dulo de se\u00f1alizaci\u00f3n y protecci\u00f3n de la bobina para las Series 90\/92\/94\/95\/96\/97<\/p>","protected":false},"excerpt":{"rendered":"<p>LED + Varistor (110.240)V DC\/AC<\/p>","protected":false},"featured_media":6769,"comment_status":"open","ping_status":"closed","template":"","meta":[],"product_brand":[171],"product_cat":[360],"product_tag":[450],"class_list":{"0":"post-11019","1":"product","2":"type-product","3":"status-publish","4":"has-post-thumbnail","6":"product_brand-finder","7":"product_cat-relevador","8":"product_tag-modulo-de-senalizacion-y-proteccion","10":"first","11":"instock","12":"sale","13":"shipping-taxable","14":"purchasable","15":"product-type-simple"},"_links":{"self":[{"href":"https:\/\/ferruzca.amarilio.net\/en\/wp-json\/wp\/v2\/product\/11019","targetHints":{"allow":["GET"]}}],"collection":[{"href":"https:\/\/ferruzca.amarilio.net\/en\/wp-json\/wp\/v2\/product"}],"about":[{"href":"https:\/\/ferruzca.amarilio.net\/en\/wp-json\/wp\/v2\/types\/product"}],"replies":[{"embeddable":true,"href":"https:\/\/ferruzca.amarilio.net\/en\/wp-json\/wp\/v2\/comments?post=11019"}],"wp:featuredmedia":[{"embeddable":true,"href":"https:\/\/ferruzca.amarilio.net\/en\/wp-json\/wp\/v2\/media\/6769"}],"wp:attachment":[{"href":"https:\/\/ferruzca.amarilio.net\/en\/wp-json\/wp\/v2\/media?parent=11019"}],"wp:term":[{"taxonomy":"product_brand","embeddable":true,"href":"https:\/\/ferruzca.amarilio.net\/en\/wp-json\/wp\/v2\/product_brand?post=11019"},{"taxonomy":"product_cat","embeddable":true,"href":"https:\/\/ferruzca.amarilio.net\/en\/wp-json\/wp\/v2\/product_cat?post=11019"},{"taxonomy":"product_tag","embeddable":true,"href":"https:\/\/ferruzca.amarilio.net\/en\/wp-json\/wp\/v2\/product_tag?post=11019"}],"curies":[{"name":"wp","href":"https:\/\/api.w.org\/{rel}","templated":true}]}}