{"id":11007,"date":"2026-02-12T22:00:38","date_gmt":"2026-02-12T22:00:38","guid":{"rendered":"https:\/\/ferruzca.amarilio.net\/product\/no-de-parte-95-p5spa\/"},"modified":"2026-04-08T22:49:35","modified_gmt":"2026-04-08T22:49:35","slug":"no-de-parte-95-p5spa","status":"publish","type":"product","link":"https:\/\/ferruzca.amarilio.net\/en\/product\/no-de-parte-95-p5spa\/","title":{"rendered":"NO. DE PARTE 95.P5SPA"},"content":{"rendered":"<p>Z\u00f3calo con terminales Push-in, para rel\u00e9s Tipo 40.51, 40.52, 40.61, 40.62, con conexi\u00f3n r\u00e1pida y terminales de bobina en el lado opuesto a los terminales de los contactos. Adecuado para montaje en panel o en carril de 35 mm<\/p>","protected":false},"excerpt":{"rendered":"<p>Base Serie [40.51, 40.52, 40.61, 40.62] Azul Push-in<\/p>\n","protected":false},"featured_media":6734,"comment_status":"open","ping_status":"closed","template":"","meta":[],"product_brand":[171],"product_cat":[360],"product_tag":[449,448],"class_list":{"0":"post-11007","1":"product","2":"type-product","3":"status-publish","4":"has-post-thumbnail","6":"product_brand-finder","7":"product_cat-relevador","8":"product_tag-accesorios","9":"product_tag-base-para-relevador","11":"first","12":"instock","13":"sale","14":"shipping-taxable","15":"purchasable","16":"product-type-simple"},"_links":{"self":[{"href":"https:\/\/ferruzca.amarilio.net\/en\/wp-json\/wp\/v2\/product\/11007","targetHints":{"allow":["GET"]}}],"collection":[{"href":"https:\/\/ferruzca.amarilio.net\/en\/wp-json\/wp\/v2\/product"}],"about":[{"href":"https:\/\/ferruzca.amarilio.net\/en\/wp-json\/wp\/v2\/types\/product"}],"replies":[{"embeddable":true,"href":"https:\/\/ferruzca.amarilio.net\/en\/wp-json\/wp\/v2\/comments?post=11007"}],"wp:featuredmedia":[{"embeddable":true,"href":"https:\/\/ferruzca.amarilio.net\/en\/wp-json\/wp\/v2\/media\/6734"}],"wp:attachment":[{"href":"https:\/\/ferruzca.amarilio.net\/en\/wp-json\/wp\/v2\/media?parent=11007"}],"wp:term":[{"taxonomy":"product_brand","embeddable":true,"href":"https:\/\/ferruzca.amarilio.net\/en\/wp-json\/wp\/v2\/product_brand?post=11007"},{"taxonomy":"product_cat","embeddable":true,"href":"https:\/\/ferruzca.amarilio.net\/en\/wp-json\/wp\/v2\/product_cat?post=11007"},{"taxonomy":"product_tag","embeddable":true,"href":"https:\/\/ferruzca.amarilio.net\/en\/wp-json\/wp\/v2\/product_tag?post=11007"}],"curies":[{"name":"wp","href":"https:\/\/api.w.org\/{rel}","templated":true}]}}