{"id":10992,"date":"2026-02-12T22:00:33","date_gmt":"2026-02-12T22:00:33","guid":{"rendered":"https:\/\/ferruzca.amarilio.net\/product\/no-de-parte-93-63-0-125\/"},"modified":"2026-04-08T22:49:34","modified_gmt":"2026-04-08T22:49:34","slug":"no-de-parte-93-63-0-125","status":"publish","type":"product","link":"https:\/\/ferruzca.amarilio.net\/en\/product\/no-de-parte-93-63-0-125\/","title":{"rendered":"NO. DE PARTE 93.63.0.125"},"content":{"rendered":"<p>Z\u00f3calo MasterPLUS con bornes de tornillo para montaje en carril de 35 mm para rel\u00e9s de la serie 34. Dependiendo del tipo, combinaci\u00f3n con rel\u00e9 electromec\u00e1nico o de estado s\u00f3lido.<\/p>","protected":false},"excerpt":{"rendered":"<p> Base Serie [34.51, 34.81] (110.125)V AC\/DC<\/p>\n","protected":false},"featured_media":6767,"comment_status":"open","ping_status":"closed","template":"","meta":[],"product_brand":[171],"product_cat":[360],"product_tag":[449,448],"class_list":{"0":"post-10992","1":"product","2":"type-product","3":"status-publish","4":"has-post-thumbnail","6":"product_brand-finder","7":"product_cat-relevador","8":"product_tag-accesorios","9":"product_tag-base-para-relevador","11":"first","12":"instock","13":"sale","14":"shipping-taxable","15":"purchasable","16":"product-type-simple"},"_links":{"self":[{"href":"https:\/\/ferruzca.amarilio.net\/en\/wp-json\/wp\/v2\/product\/10992","targetHints":{"allow":["GET"]}}],"collection":[{"href":"https:\/\/ferruzca.amarilio.net\/en\/wp-json\/wp\/v2\/product"}],"about":[{"href":"https:\/\/ferruzca.amarilio.net\/en\/wp-json\/wp\/v2\/types\/product"}],"replies":[{"embeddable":true,"href":"https:\/\/ferruzca.amarilio.net\/en\/wp-json\/wp\/v2\/comments?post=10992"}],"wp:featuredmedia":[{"embeddable":true,"href":"https:\/\/ferruzca.amarilio.net\/en\/wp-json\/wp\/v2\/media\/6767"}],"wp:attachment":[{"href":"https:\/\/ferruzca.amarilio.net\/en\/wp-json\/wp\/v2\/media?parent=10992"}],"wp:term":[{"taxonomy":"product_brand","embeddable":true,"href":"https:\/\/ferruzca.amarilio.net\/en\/wp-json\/wp\/v2\/product_brand?post=10992"},{"taxonomy":"product_cat","embeddable":true,"href":"https:\/\/ferruzca.amarilio.net\/en\/wp-json\/wp\/v2\/product_cat?post=10992"},{"taxonomy":"product_tag","embeddable":true,"href":"https:\/\/ferruzca.amarilio.net\/en\/wp-json\/wp\/v2\/product_tag?post=10992"}],"curies":[{"name":"wp","href":"https:\/\/api.w.org\/{rel}","templated":true}]}}