{"id":10975,"date":"2026-02-12T22:00:27","date_gmt":"2026-02-12T22:00:27","guid":{"rendered":"https:\/\/ferruzca.amarilio.net\/product\/no-de-parte-8a-04-9-024-8300\/"},"modified":"2026-04-08T22:49:33","modified_gmt":"2026-04-08T22:49:33","slug":"no-de-parte-8a-04-9-024-8300","status":"publish","type":"product","link":"https:\/\/ferruzca.amarilio.net\/en\/product\/no-de-parte-8a-04-9-024-8300\/","title":{"rendered":"NO. DE PARTE 8A.04.9.024.8300"},"content":{"rendered":"<p>Programmable Logic Relay (PLR) con 8 entradas y 4 salidas. Programable tanto con lenguajes tradicionales (Ladder, FBD, etc.) como con un lenguaje innovador y de c\u00f3digo abierto (IDE\/ARDUINO). Equipado con USB (puerto tipo C) para programaci\u00f3n, registro de datos y fuente de alimentaci\u00f3n durante la programaci\u00f3n. Disponible en versiones Lite, Plus, Advanced y Codesys.<\/p>","protected":false},"excerpt":{"rendered":"<p>OPTA Lite; 8 IN, 4 OUT, RJ45, USB C<\/p>","protected":false},"featured_media":6728,"comment_status":"open","ping_status":"closed","template":"","meta":[],"product_brand":[171],"product_cat":[359],"product_tag":[447],"class_list":{"0":"post-10975","1":"product","2":"type-product","3":"status-publish","4":"has-post-thumbnail","6":"product_brand-finder","7":"product_cat-arranque-motor-y-protecciones","8":"product_tag-controlador-logico-programable","10":"first","11":"instock","12":"sale","13":"shipping-taxable","14":"purchasable","15":"product-type-simple"},"_links":{"self":[{"href":"https:\/\/ferruzca.amarilio.net\/en\/wp-json\/wp\/v2\/product\/10975","targetHints":{"allow":["GET"]}}],"collection":[{"href":"https:\/\/ferruzca.amarilio.net\/en\/wp-json\/wp\/v2\/product"}],"about":[{"href":"https:\/\/ferruzca.amarilio.net\/en\/wp-json\/wp\/v2\/types\/product"}],"replies":[{"embeddable":true,"href":"https:\/\/ferruzca.amarilio.net\/en\/wp-json\/wp\/v2\/comments?post=10975"}],"wp:featuredmedia":[{"embeddable":true,"href":"https:\/\/ferruzca.amarilio.net\/en\/wp-json\/wp\/v2\/media\/6728"}],"wp:attachment":[{"href":"https:\/\/ferruzca.amarilio.net\/en\/wp-json\/wp\/v2\/media?parent=10975"}],"wp:term":[{"taxonomy":"product_brand","embeddable":true,"href":"https:\/\/ferruzca.amarilio.net\/en\/wp-json\/wp\/v2\/product_brand?post=10975"},{"taxonomy":"product_cat","embeddable":true,"href":"https:\/\/ferruzca.amarilio.net\/en\/wp-json\/wp\/v2\/product_cat?post=10975"},{"taxonomy":"product_tag","embeddable":true,"href":"https:\/\/ferruzca.amarilio.net\/en\/wp-json\/wp\/v2\/product_tag?post=10975"}],"curies":[{"name":"wp","href":"https:\/\/api.w.org\/{rel}","templated":true}]}}