{"id":10972,"date":"2026-02-12T22:00:25","date_gmt":"2026-02-12T22:00:25","guid":{"rendered":"https:\/\/ferruzca.amarilio.net\/product\/no-de-parte-7p-21-8-275-1020\/"},"modified":"2026-04-08T22:49:32","modified_gmt":"2026-04-08T22:49:32","slug":"no-de-parte-7p-21-8-275-1020","status":"publish","type":"product","link":"https:\/\/ferruzca.amarilio.net\/en\/product\/no-de-parte-7p-21-8-275-1020\/","title":{"rendered":"NO. DE PARTE 7P.21.8.275.1020"},"content":{"rendered":"<p>Descargadores de sobretensiones tipo 2 (1 varistor) para sistemas de corriente alterna monof\u00e1sicos o trif\u00e1sicos y para sistemas de corriente continua. Adecuado para sistemas de CA monof\u00e1sicos o trif\u00e1sicos y sistemas de CC.<\/p>","protected":false},"excerpt":{"rendered":"<p>SPD Tipo 2, unipolar monofase o trifase<\/p>","protected":false},"featured_media":6725,"comment_status":"open","ping_status":"closed","template":"","meta":[],"product_brand":[171],"product_cat":[359],"product_tag":[441],"class_list":{"0":"post-10972","1":"product","2":"type-product","3":"status-publish","4":"has-post-thumbnail","6":"product_brand-finder","7":"product_cat-arranque-motor-y-protecciones","8":"product_tag-descargador-de-sobretensiones","10":"first","11":"instock","12":"sale","13":"shipping-taxable","14":"purchasable","15":"product-type-simple"},"_links":{"self":[{"href":"https:\/\/ferruzca.amarilio.net\/en\/wp-json\/wp\/v2\/product\/10972","targetHints":{"allow":["GET"]}}],"collection":[{"href":"https:\/\/ferruzca.amarilio.net\/en\/wp-json\/wp\/v2\/product"}],"about":[{"href":"https:\/\/ferruzca.amarilio.net\/en\/wp-json\/wp\/v2\/types\/product"}],"replies":[{"embeddable":true,"href":"https:\/\/ferruzca.amarilio.net\/en\/wp-json\/wp\/v2\/comments?post=10972"}],"wp:featuredmedia":[{"embeddable":true,"href":"https:\/\/ferruzca.amarilio.net\/en\/wp-json\/wp\/v2\/media\/6725"}],"wp:attachment":[{"href":"https:\/\/ferruzca.amarilio.net\/en\/wp-json\/wp\/v2\/media?parent=10972"}],"wp:term":[{"taxonomy":"product_brand","embeddable":true,"href":"https:\/\/ferruzca.amarilio.net\/en\/wp-json\/wp\/v2\/product_brand?post=10972"},{"taxonomy":"product_cat","embeddable":true,"href":"https:\/\/ferruzca.amarilio.net\/en\/wp-json\/wp\/v2\/product_cat?post=10972"},{"taxonomy":"product_tag","embeddable":true,"href":"https:\/\/ferruzca.amarilio.net\/en\/wp-json\/wp\/v2\/product_tag?post=10972"}],"curies":[{"name":"wp","href":"https:\/\/api.w.org\/{rel}","templated":true}]}}