{"id":10968,"date":"2026-02-12T22:00:23","date_gmt":"2026-02-12T22:00:23","guid":{"rendered":"https:\/\/ferruzca.amarilio.net\/product\/no-de-parte-7h-51-0-230-0025\/"},"modified":"2026-04-08T22:49:32","modified_gmt":"2026-04-08T22:49:32","slug":"no-de-parte-7h-51-0-230-0025","status":"publish","type":"product","link":"https:\/\/ferruzca.amarilio.net\/en\/product\/no-de-parte-7h-51-0-230-0025\/","title":{"rendered":"NO. DE PARTE 7H.51.0.230.0025"},"content":{"rendered":"<p>Calefactores de panel\/cuadro con potencia calor\u00edfica de 25W a 400W, seg\u00fan la versi\u00f3n, pueden instalarse en carril de 35 mm. Equipado con un sistema de calefacci\u00f3n con PTC autorregulable y tacto seguro.<\/p>","protected":false},"excerpt":{"rendered":"<p>Calefactor de cuadro (110.230VAC\/DC) 25W<\/p>","protected":false},"featured_media":6723,"comment_status":"open","ping_status":"closed","template":"","meta":[],"product_brand":[171],"product_cat":[358],"product_tag":[439],"class_list":{"0":"post-10968","1":"product","2":"type-product","3":"status-publish","4":"has-post-thumbnail","6":"product_brand-finder","7":"product_cat-gabinetes","8":"product_tag-calefactor","10":"first","11":"instock","12":"sale","13":"shipping-taxable","14":"purchasable","15":"product-type-simple"},"_links":{"self":[{"href":"https:\/\/ferruzca.amarilio.net\/en\/wp-json\/wp\/v2\/product\/10968","targetHints":{"allow":["GET"]}}],"collection":[{"href":"https:\/\/ferruzca.amarilio.net\/en\/wp-json\/wp\/v2\/product"}],"about":[{"href":"https:\/\/ferruzca.amarilio.net\/en\/wp-json\/wp\/v2\/types\/product"}],"replies":[{"embeddable":true,"href":"https:\/\/ferruzca.amarilio.net\/en\/wp-json\/wp\/v2\/comments?post=10968"}],"wp:featuredmedia":[{"embeddable":true,"href":"https:\/\/ferruzca.amarilio.net\/en\/wp-json\/wp\/v2\/media\/6723"}],"wp:attachment":[{"href":"https:\/\/ferruzca.amarilio.net\/en\/wp-json\/wp\/v2\/media?parent=10968"}],"wp:term":[{"taxonomy":"product_brand","embeddable":true,"href":"https:\/\/ferruzca.amarilio.net\/en\/wp-json\/wp\/v2\/product_brand?post=10968"},{"taxonomy":"product_cat","embeddable":true,"href":"https:\/\/ferruzca.amarilio.net\/en\/wp-json\/wp\/v2\/product_cat?post=10968"},{"taxonomy":"product_tag","embeddable":true,"href":"https:\/\/ferruzca.amarilio.net\/en\/wp-json\/wp\/v2\/product_tag?post=10968"}],"curies":[{"name":"wp","href":"https:\/\/api.w.org\/{rel}","templated":true}]}}