{"id":10963,"date":"2026-02-12T22:00:22","date_gmt":"2026-02-12T22:00:22","guid":{"rendered":"https:\/\/ferruzca.amarilio.net\/product\/no-de-parte-7f-20-8-230-5550\/"},"modified":"2026-04-08T22:49:32","modified_gmt":"2026-04-08T22:49:32","slug":"no-de-parte-7f-20-8-230-5550","status":"publish","type":"product","link":"https:\/\/ferruzca.amarilio.net\/en\/product\/no-de-parte-7f-20-8-230-5550\/","title":{"rendered":"NO. DE PARTE 7F.20.8.230.5550"},"content":{"rendered":"<p>Ventilador con filtro para cuadros el\u00e9ctricos con tensi\u00f3n nominal 120 o 230 V AC. Disponible en 4 tama\u00f1os y con potencias de 17W a 78W. El tama\u00f1o reducido y el filtro interno f\u00e1cilmente reemplazable reducen significativamente el tiempo de instalaci\u00f3n y mantenimiento.<\/p>","protected":false},"excerpt":{"rendered":"<p>Ventilador c\/filtro 230VAC; 291X291 mm; 550m3\/h<\/p>","protected":false},"featured_media":6722,"comment_status":"open","ping_status":"closed","template":"","meta":[],"product_brand":[171],"product_cat":[352],"product_tag":[438],"class_list":{"0":"post-10963","1":"product","2":"type-product","3":"status-publish","4":"has-post-thumbnail","6":"product_brand-finder","7":"product_cat-ventiladores","8":"product_tag-ventilador-con-filtro","10":"first","11":"instock","12":"sale","13":"shipping-taxable","14":"purchasable","15":"product-type-simple"},"_links":{"self":[{"href":"https:\/\/ferruzca.amarilio.net\/en\/wp-json\/wp\/v2\/product\/10963","targetHints":{"allow":["GET"]}}],"collection":[{"href":"https:\/\/ferruzca.amarilio.net\/en\/wp-json\/wp\/v2\/product"}],"about":[{"href":"https:\/\/ferruzca.amarilio.net\/en\/wp-json\/wp\/v2\/types\/product"}],"replies":[{"embeddable":true,"href":"https:\/\/ferruzca.amarilio.net\/en\/wp-json\/wp\/v2\/comments?post=10963"}],"wp:featuredmedia":[{"embeddable":true,"href":"https:\/\/ferruzca.amarilio.net\/en\/wp-json\/wp\/v2\/media\/6722"}],"wp:attachment":[{"href":"https:\/\/ferruzca.amarilio.net\/en\/wp-json\/wp\/v2\/media?parent=10963"}],"wp:term":[{"taxonomy":"product_brand","embeddable":true,"href":"https:\/\/ferruzca.amarilio.net\/en\/wp-json\/wp\/v2\/product_brand?post=10963"},{"taxonomy":"product_cat","embeddable":true,"href":"https:\/\/ferruzca.amarilio.net\/en\/wp-json\/wp\/v2\/product_cat?post=10963"},{"taxonomy":"product_tag","embeddable":true,"href":"https:\/\/ferruzca.amarilio.net\/en\/wp-json\/wp\/v2\/product_tag?post=10963"}],"curies":[{"name":"wp","href":"https:\/\/api.w.org\/{rel}","templated":true}]}}