{"id":10947,"date":"2026-02-12T22:00:16","date_gmt":"2026-02-12T22:00:16","guid":{"rendered":"https:\/\/ferruzca.amarilio.net\/product\/no-de-parte-78-1d-1-230-2414\/"},"modified":"2026-04-08T22:49:31","modified_gmt":"2026-04-08T22:49:31","slug":"no-de-parte-78-1d-1-230-2414","status":"publish","type":"product","link":"https:\/\/ferruzca.amarilio.net\/en\/product\/no-de-parte-78-1d-1-230-2414\/","title":{"rendered":"NO. DE PARTE 78.1D.1.230.2414"},"content":{"rendered":"<p>Fuente de alimentaci\u00f3n industrial conmutada con salida de 24 V DC, 130 W, equipada con doble etapa con PFC (Correcci\u00f3n del factor de potencia) y tiene una tensi\u00f3n regulable entre 24 y 48 V. Con tecnolog\u00eda Fold-Back para la carga de la bater\u00eda y funcionamiento en paralelo para aumentar la corriente de carga. Permite una alta eficiencia de hasta el 93%, consumo < 1 W en stand-by. Modo de protecci\u00f3n contra cortocircuitos\n<\/p>","protected":false},"excerpt":{"rendered":"<p>Fte alimentaci\u00f3n (120..240VAC) @ 24-28VDC; 5.4A<\/p>","protected":false},"featured_media":6737,"comment_status":"open","ping_status":"closed","template":"","meta":[],"product_brand":[171],"product_cat":[357],"product_tag":[436],"class_list":{"0":"post-10947","1":"product","2":"type-product","3":"status-publish","4":"has-post-thumbnail","6":"product_brand-finder","7":"product_cat-fuente-de-alimentacion-riel-din","8":"product_tag-fuente-de-alimentacion","10":"first","11":"instock","12":"sale","13":"shipping-taxable","14":"purchasable","15":"product-type-simple"},"_links":{"self":[{"href":"https:\/\/ferruzca.amarilio.net\/en\/wp-json\/wp\/v2\/product\/10947","targetHints":{"allow":["GET"]}}],"collection":[{"href":"https:\/\/ferruzca.amarilio.net\/en\/wp-json\/wp\/v2\/product"}],"about":[{"href":"https:\/\/ferruzca.amarilio.net\/en\/wp-json\/wp\/v2\/types\/product"}],"replies":[{"embeddable":true,"href":"https:\/\/ferruzca.amarilio.net\/en\/wp-json\/wp\/v2\/comments?post=10947"}],"wp:featuredmedia":[{"embeddable":true,"href":"https:\/\/ferruzca.amarilio.net\/en\/wp-json\/wp\/v2\/media\/6737"}],"wp:attachment":[{"href":"https:\/\/ferruzca.amarilio.net\/en\/wp-json\/wp\/v2\/media?parent=10947"}],"wp:term":[{"taxonomy":"product_brand","embeddable":true,"href":"https:\/\/ferruzca.amarilio.net\/en\/wp-json\/wp\/v2\/product_brand?post=10947"},{"taxonomy":"product_cat","embeddable":true,"href":"https:\/\/ferruzca.amarilio.net\/en\/wp-json\/wp\/v2\/product_cat?post=10947"},{"taxonomy":"product_tag","embeddable":true,"href":"https:\/\/ferruzca.amarilio.net\/en\/wp-json\/wp\/v2\/product_tag?post=10947"}],"curies":[{"name":"wp","href":"https:\/\/api.w.org\/{rel}","templated":true}]}}